{"id":803,"date":"2021-10-27T10:38:22","date_gmt":"2021-10-27T10:38:22","guid":{"rendered":"https:\/\/alumed.tn\/?page_id=803"},"modified":"2022-07-18T10:23:02","modified_gmt":"2022-07-18T10:23:02","slug":"partitioning","status":"publish","type":"page","link":"https:\/\/alumed.tn\/en\/partitioning\/","title":{"rendered":"Partitioning"},"content":{"rendered":"<div class=\"section-full1 p-tb90 square_shape2 bg-before8\">\r\n    <div class=\"container\">\r\n        <div class=\"section-content \">\r\n            <div class=\"row\">\r\n                <div class=\"col-md-5 col-sm-6\">\r\n                    <div class=\"m-about m-l50 m-r50\">\r\n                        <div class=\"owl-carousel about-us-carousel owl-btn-bottom-right\">\r\n                            <!-- COLUMNS 1 -->\r\n                            <div class=\"item\">\r\n                                <div class=\"ow-img wt-img-effect zoom-slow\">\r\n                                    <img decoding=\"async\" src=\"https:\/\/alumed.tn\/wp-content\/uploads\/2021\/12\/cloison1.webp\" alt=\"\">\r\n                                <\/div>\r\n                            <\/div>\r\n                            <div class=\"item\">\r\n                                <div class=\"ow-img wt-img-effect zoom-slow\">\r\n                                    <img decoding=\"async\" src=\"https:\/\/alumed.tn\/wp-content\/uploads\/2021\/12\/cloison2.webp\" alt=\"\">\r\n                                <\/div>\r\n                            <\/div>\r\n                            <div class=\"item\">\r\n                                <div class=\"ow-img wt-img-effect zoom-slow\">\r\n                                    <img decoding=\"async\" src=\"https:\/\/alumed.tn\/wp-content\/uploads\/2021\/10\/technique1-cloison.jpg\" alt=\"\">\r\n                                <\/div>\r\n                            <\/div>\r\n                            <div class=\"item\">\r\n                                <div class=\"ow-img wt-img-effect zoom-slow\">\r\n                                    <img decoding=\"async\" src=\"https:\/\/alumed.tn\/wp-content\/uploads\/2021\/11\/menuiserie-battant.webp\" alt=\"\">\r\n                                <\/div>\r\n                            <\/div>\r\n\r\n                            <div class=\"item\">\r\n                                <div class=\"ow-img wt-img-effect zoom-slow\">\r\n                                    <img decoding=\"async\" src=\"https:\/\/alumed.tn\/wp-content\/uploads\/2021\/11\/menuiserie-battant1.webp\" alt=\"\">\r\n                                <\/div>\r\n                            <\/div>\r\n\r\n                        <\/div>\r\n                    <\/div>\r\n                <\/div>\r\n                <div class=\"col-md-6 col-sm-6\">\r\n                    <div class=\"m-about-containt font-16 text-align text-black p-t40\">\r\n                        <p><span class=\"font-weight-700\">ALUMED<\/span> aluminum partitions offer many advantages and possibilities for the design of commercial offices or professional premises by means of partition walls or the layout of a workspace.\r\n                        <\/p>\r\n                        <p>Avec son aspect moderne, design et esth\u00e9tique, le cloison agencement est employ\u00e9 pour moduler les espaces de travail rapidement et \u00e0 moindre co\u00fbt. Il offre un affaiblissement acoustique des bruits ambiants sans pareil (excellente isolation thermique et phonique), pour travailler dans le calme (bureau, salle de r\u00e9union, salle de formation\u2026).\r\n                        <\/p>\r\n                        <a href=\"https:\/\/alumed.tn\/en\/contact\/\" class=\"btn1\">Contact us<\/a>\r\n                    <\/div>\r\n                <\/div>\r\n            <\/div>\r\n        <\/div>\r\n    <\/div>\r\n<\/div>\r\n<div class=\"section-full11 bg-col square_shape2\">\r\n    <div class=\"container\">\r\n        <div class=\"section-content\">\r\n            <div class=\"team-outer1\">\r\n                <!-- COLUMNS 1 -->\r\n                <div class=\"grid-content\">\r\n                    <div class=\"wt-team-six1 bg-white\">\r\n                        <div class=\"wt-team-media wt-thum-bx wt-img-overlay1\">\r\n                            <img decoding=\"async\" src=\"https:\/\/alumed.tn\/wp-content\/uploads\/2021\/09\/TPR-16-Elipse.jpg\" alt=\"\">\r\n                            <div class=\"overlay-bx\">\r\n                                <div class=\"overlay-icon\">\r\n                                    <ul class=\"social-icons social-square social-dark\">\r\n                                    <\/ul>\r\n                                <\/div>\r\n                            <\/div>\r\n                        <\/div>\r\n                        <div class=\"wt-team-info text-center bg-white p-lr10 p-tb20\">\r\n                            <h5 class=\"wt-team-title text-uppercase m-a0\"><a href=\"javascript:void(0);\">Double wall partition<\/a><\/h5>\r\n                            <p class=\"m-b0\">TPR 16 Ellipse<\/p>\r\n                            <!---->\r\n                        <\/div>\r\n                    <\/div>\r\n                <\/div>\r\n            <\/div>\r\n        <\/div>\r\n    <\/div>\r\n<\/div>\r\n<div class=\"section-full11 bg-white\">\r\n    <div class=\"container\">\r\n        <div class=\"row\">\r\n            <div class=\"col-md-9\">\r\n                <div class=\"bg-text\">\r\n                    <p><span class=\"font-weight-700\">ALUMED<\/span> is proud to have an experienced technical office, which can provide solutions, made to measure, in; partition layout, proportion to the dimensional and architectural specificities of the space.<\/p>\r\n                <\/div>\r\n            <\/div>\r\n            <div class=\"col-md-3\">\r\n                <a href=\"https:\/\/alumed.tn\/en\/our-achievements\/\" class=\"btn-text\"><span class=\"font-13 letter-spacing-5\"> Our achievements <\/span><\/a>\r\n            <\/div>\r\n        <\/div>\r\n    <\/div>\r\n<\/div>\r\n","protected":false},"excerpt":{"rendered":"<p>ALUMED aluminum partitions offer many advantages and possibilities for the design of commercial offices or professional premises by means of partition walls or the layout of a workspace. Avec son aspect moderne, design et esth\u00e9tique, le cloison agencement est employ\u00e9 pour moduler les espaces de travail rapidement et \u00e0 moindre co\u00fbt. Il offre un affaiblissement [&hellip;]<\/p>\n","protected":false},"author":1,"featured_media":2623,"parent":0,"menu_order":0,"comment_status":"closed","ping_status":"closed","template":"produit-template.php","meta":{"footnotes":""},"yoast_head":"<!-- This site is optimized with the Yoast SEO plugin v21.9.1 - https:\/\/yoast.com\/wordpress\/plugins\/seo\/ -->\n<title>Partitioning - Alumed<\/title>\n<meta name=\"robots\" content=\"index, follow, max-snippet:-1, max-image-preview:large, max-video-preview:-1\" \/>\n<link rel=\"canonical\" href=\"https:\/\/alumed.tn\/en\/partitioning\/\" \/>\n<meta property=\"og:locale\" content=\"en_US\" \/>\n<meta property=\"og:type\" content=\"article\" \/>\n<meta property=\"og:title\" content=\"Partitioning - Alumed\" \/>\n<meta property=\"og:description\" content=\"ALUMED aluminum partitions offer many advantages and possibilities for the design of commercial offices or professional premises by means of partition walls or the layout of a workspace. Avec son aspect moderne, design et esth\u00e9tique, le cloison agencement est employ\u00e9 pour moduler les espaces de travail rapidement et \u00e0 moindre co\u00fbt. Il offre un affaiblissement [&hellip;]\" \/>\n<meta property=\"og:url\" content=\"https:\/\/alumed.tn\/en\/partitioning\/\" \/>\n<meta property=\"og:site_name\" content=\"Alumed\" \/>\n<meta property=\"article:modified_time\" content=\"2022-07-18T10:23:02+00:00\" \/>\n<meta property=\"og:image\" content=\"https:\/\/alumed.tn\/wp-content\/uploads\/2022\/07\/Eng7.jpg\" \/>\n\t<meta property=\"og:image:width\" content=\"1894\" \/>\n\t<meta property=\"og:image:height\" content=\"591\" \/>\n\t<meta property=\"og:image:type\" content=\"image\/jpeg\" \/>\n<meta name=\"twitter:card\" content=\"summary_large_image\" \/>\n<meta name=\"twitter:label1\" content=\"Est. reading time\" \/>\n\t<meta name=\"twitter:data1\" content=\"1 minute\" \/>\n<script type=\"application\/ld+json\" class=\"yoast-schema-graph\">{\"@context\":\"https:\/\/schema.org\",\"@graph\":[{\"@type\":\"WebPage\",\"@id\":\"https:\/\/alumed.tn\/en\/partitioning\/\",\"url\":\"https:\/\/alumed.tn\/en\/partitioning\/\",\"name\":\"Partitioning - Alumed\",\"isPartOf\":{\"@id\":\"https:\/\/alumed.tn\/#website\"},\"datePublished\":\"2021-10-27T10:38:22+00:00\",\"dateModified\":\"2022-07-18T10:23:02+00:00\",\"breadcrumb\":{\"@id\":\"https:\/\/alumed.tn\/en\/partitioning\/#breadcrumb\"},\"inLanguage\":\"en-US\",\"potentialAction\":[{\"@type\":\"ReadAction\",\"target\":[\"https:\/\/alumed.tn\/en\/partitioning\/\"]}]},{\"@type\":\"BreadcrumbList\",\"@id\":\"https:\/\/alumed.tn\/en\/partitioning\/#breadcrumb\",\"itemListElement\":[{\"@type\":\"ListItem\",\"position\":1,\"name\":\"Accueil\",\"item\":\"https:\/\/alumed.tn\/\"},{\"@type\":\"ListItem\",\"position\":2,\"name\":\"Partitioning\"}]},{\"@type\":\"WebSite\",\"@id\":\"https:\/\/alumed.tn\/#website\",\"url\":\"https:\/\/alumed.tn\/\",\"name\":\"Alumed\",\"description\":\"Fabrication et pose d&#039;aluminium en Tunisie\",\"potentialAction\":[{\"@type\":\"SearchAction\",\"target\":{\"@type\":\"EntryPoint\",\"urlTemplate\":\"https:\/\/alumed.tn\/?s={search_term_string}\"},\"query-input\":\"required name=search_term_string\"}],\"inLanguage\":\"en-US\"}]}<\/script>\n<!-- \/ Yoast SEO plugin. -->","yoast_head_json":{"title":"Partitioning - Alumed","robots":{"index":"index","follow":"follow","max-snippet":"max-snippet:-1","max-image-preview":"max-image-preview:large","max-video-preview":"max-video-preview:-1"},"canonical":"https:\/\/alumed.tn\/en\/partitioning\/","og_locale":"en_US","og_type":"article","og_title":"Partitioning - Alumed","og_description":"ALUMED aluminum partitions offer many advantages and possibilities for the design of commercial offices or professional premises by means of partition walls or the layout of a workspace. Avec son aspect moderne, design et esth\u00e9tique, le cloison agencement est employ\u00e9 pour moduler les espaces de travail rapidement et \u00e0 moindre co\u00fbt. Il offre un affaiblissement [&hellip;]","og_url":"https:\/\/alumed.tn\/en\/partitioning\/","og_site_name":"Alumed","article_modified_time":"2022-07-18T10:23:02+00:00","og_image":[{"width":1894,"height":591,"url":"https:\/\/alumed.tn\/wp-content\/uploads\/2022\/07\/Eng7.jpg","type":"image\/jpeg"}],"twitter_card":"summary_large_image","twitter_misc":{"Est. reading time":"1 minute"},"schema":{"@context":"https:\/\/schema.org","@graph":[{"@type":"WebPage","@id":"https:\/\/alumed.tn\/en\/partitioning\/","url":"https:\/\/alumed.tn\/en\/partitioning\/","name":"Partitioning - Alumed","isPartOf":{"@id":"https:\/\/alumed.tn\/#website"},"datePublished":"2021-10-27T10:38:22+00:00","dateModified":"2022-07-18T10:23:02+00:00","breadcrumb":{"@id":"https:\/\/alumed.tn\/en\/partitioning\/#breadcrumb"},"inLanguage":"en-US","potentialAction":[{"@type":"ReadAction","target":["https:\/\/alumed.tn\/en\/partitioning\/"]}]},{"@type":"BreadcrumbList","@id":"https:\/\/alumed.tn\/en\/partitioning\/#breadcrumb","itemListElement":[{"@type":"ListItem","position":1,"name":"Accueil","item":"https:\/\/alumed.tn\/"},{"@type":"ListItem","position":2,"name":"Partitioning"}]},{"@type":"WebSite","@id":"https:\/\/alumed.tn\/#website","url":"https:\/\/alumed.tn\/","name":"Alumed","description":"Fabrication et pose d&#039;aluminium en Tunisie","potentialAction":[{"@type":"SearchAction","target":{"@type":"EntryPoint","urlTemplate":"https:\/\/alumed.tn\/?s={search_term_string}"},"query-input":"required name=search_term_string"}],"inLanguage":"en-US"}]}},"_links":{"self":[{"href":"https:\/\/alumed.tn\/en\/wp-json\/wp\/v2\/pages\/803"}],"collection":[{"href":"https:\/\/alumed.tn\/en\/wp-json\/wp\/v2\/pages"}],"about":[{"href":"https:\/\/alumed.tn\/en\/wp-json\/wp\/v2\/types\/page"}],"author":[{"embeddable":true,"href":"https:\/\/alumed.tn\/en\/wp-json\/wp\/v2\/users\/1"}],"replies":[{"embeddable":true,"href":"https:\/\/alumed.tn\/en\/wp-json\/wp\/v2\/comments?post=803"}],"version-history":[{"count":4,"href":"https:\/\/alumed.tn\/en\/wp-json\/wp\/v2\/pages\/803\/revisions"}],"predecessor-version":[{"id":2367,"href":"https:\/\/alumed.tn\/en\/wp-json\/wp\/v2\/pages\/803\/revisions\/2367"}],"wp:featuredmedia":[{"embeddable":true,"href":"https:\/\/alumed.tn\/en\/wp-json\/wp\/v2\/media\/2623"}],"wp:attachment":[{"href":"https:\/\/alumed.tn\/en\/wp-json\/wp\/v2\/media?parent=803"}],"curies":[{"name":"wp","href":"https:\/\/api.w.org\/{rel}","templated":true}]}}