{"id":890,"date":"2021-10-01T10:07:41","date_gmt":"2021-10-01T10:07:41","guid":{"rendered":"https:\/\/alumed.tn\/?page_id=890"},"modified":"2024-02-06T10:13:14","modified_gmt":"2024-02-06T10:13:14","slug":"%d9%85%d9%85%d9%8a%d8%b2%d8%a7%d8%aa%d9%86%d8%a7","status":"publish","type":"page","link":"https:\/\/alumed.tn\/ar\/%d9%85%d9%85%d9%8a%d8%b2%d8%a7%d8%aa%d9%86%d8%a7\/","title":{"rendered":"\u0645\u0645\u064a\u0632\u0627\u062a\u0646\u0627"},"content":{"rendered":"<div class=\"section-full7 square_shape1\">\r\n      <div class=\"container\">\r\n        <div class=\"row\">\r\n          <div class=\"col-md-4\">\r\n            <div class=\"image1-section\">\r\n              <img decoding=\"async\" src=\"https:\/\/alumed.tn\/wp-content\/uploads\/2021\/11\/image1-section-4.jpg\" alt=\"\">\r\n            <\/div>\r\n          <\/div>\r\n          <div class=\"col-md-8\">\r\n            <div class=\"section1\">\r\n              <div class=\"row\"> \r\n              \r\n\r\n              <div class=\"col-md-12\">   \r\n               <div class=\"text-section text-align text-black p-t30 font-16\">\r\n                   <p>\u0646\u062d\u0646 \u0645\u0648\u062c\u0648\u062f\u0648\u0646 \u0641\u064a \u0633\u0648\u0642 \u0627\u0644\u0646\u062c\u0627\u0631\u0629 \u0645\u0646\u0630 \u0639\u0627\u0645 2014\u060c \u0648\u0646\u062d\u0646 \u0641\u062e\u0648\u0631\u0648\u0646 \u0628\u0623\u0646 \u0646\u0642\u062f\u0645 \u0644\u0643\u0645 \u0645\u0639\u0631\u0641\u062a\u0646\u0627 \u0627\u0644\u062a\u0642\u0646\u064a\u0629 \u0644\u0643\u0644 \u0639\u0646\u0635\u0631 \u0648\u0644\u0643\u0644 \u0645\u0634\u0631\u0648\u0639. \u0627\u0644\u0641\u0631\u064a\u0642 \u0627\u0644\u0630\u064a \u064a\u0639\u0645\u0644 \u0641\u064a \u0627\u0644\u0648\u0631\u0634\r\n <span class=\"font-weight-700\">\u0623\u0644\u064a\u0645\u0627\u062f<\/span>\u064a\u0633\u0639\u062f\u0646\u0627 \u0623\u0646 \u0646\u0642\u062f\u0645 \u0644\u0643 \u0646\u062a\u064a\u062c\u0629 \u0627\u0644\u0639\u0645\u0644 \u0627\u0644\u0634\u0627\u0642\u060c \u0628\u0645\u0648\u0627\u062f \u062e\u0627\u0645 \u0639\u0627\u0644\u064a\u0629 \u0627\u0644\u062c\u0648\u062f\u0629 \u0648\u0639\u0645\u0631 \u0627\u0641\u062a\u0631\u0627\u0636\u064a \u0637\u0648\u064a\u0644.\r\n<\/p>\r\n<a href=\"https:\/\/alumed.tn\/ar\/%d8%a5%d9%86%d8%ac%d8%a7%d8%b2%d8%a7%d8%aa%d9%86%d8%a7\/\" class=\"section-text\"><span class=\"font-14\">\u0625\u0646\u062c\u0627\u0632\u0627\u062a\u0646\u0627<\/span><\/a>\r\n               <\/div>\r\n             <\/div>\r\n\r\n             <\/div>\r\n            <\/div>\r\n          <\/div>\r\n\r\n        <\/div>\r\n      <\/div>\r\n<\/div>\r\n\r\n<div class=\"section-full8 square_shape1\">\r\n<div class=\"container\">\r\n<div class=\"row\">\r\n<div class=\"col-md-4\">\r\n<div class=\"service\">\r\n<div class=\"icon\"><span class=\"icostyle-support\"><\/span><\/div>\r\n<div class=\"content\">\r\n<p>\u0627\u0644\u0641\u0631\u064a\u0642 <span class=\"font-weight-700\">\u0623\u0644\u064a\u0645\u0627\u062f<\/span> \u064a\u062a\u0645\u062a\u0639 \u0628\u062e\u0628\u0631\u0629 \u0648\u0627\u0633\u0639\u0629 \u0641\u064a \u0645\u062c\u0627\u0644 \u0646\u062c\u0627\u0631\u0629 \u0627\u0644\u0623\u0644\u0645\u0646\u064a\u0648\u0645 \u0645\u0645\u0627 \u064a\u0633\u0645\u062d \u0644\u0646\u0627 \u0628\u062a\u0635\u0645\u064a\u0645 \u0645\u0634\u0631\u0648\u0639\u0643 \u0639\u0644\u0649 \u0627\u0644\u0646\u062d\u0648 \u0627\u0644\u0623\u0645\u062b\u0644.\r\n<\/p>\r\n<\/div>\r\n<\/div> \r\n<\/div>\r\n\r\n<div class=\"col-md-4\">\r\n<div class=\"service\">\r\n<div class=\"icon\"><span class=\"icostyle-settings\"><\/span><\/div>\r\n<div class=\"content\">\r\n<p><span class=\"font-weight-700\">\u0623\u0644\u064a\u0645\u0627\u062f<\/span>\u0645\u062c\u0647\u0632\u0629 \u0628\u0623\u062f\u0648\u0627\u062a \u0639\u0627\u0644\u064a\u0629 \u0627\u0644\u0623\u062f\u0627\u0621 \u0648\u0623\u062d\u062f\u062b \u0622\u0644\u0627\u062a \u0627\u0644\u062c\u064a\u0644\u060c \u0645\u0645\u0627 \u064a\u062c\u0639\u0644 \u0645\u0646 \u0627\u0644\u0645\u0645\u0643\u0646 \u062a\u0644\u0628\u064a\u0629 \u0627\u0644\u0645\u062a\u0637\u0644\u0628\u0627\u062a \u0627\u0644\u0641\u0646\u064a\u0629 \u0648\u0627\u0644\u062a\u0646\u0638\u064a\u0645\u064a\u0629 \u0648\u0627\u0644\u0645\u0633\u0627\u0647\u0645\u0629 \u0641\u064a \u0646\u0645\u0648 \u0646\u062c\u0627\u0631\u0629 \u0627\u0644\u0623\u0644\u0648\u0645\u0646\u064a\u0648\u0645.\r\n<\/p>\r\n<\/div>\r\n<\/div> \r\n<\/div>\r\n\r\n<div class=\"col-md-4\">\r\n<div class=\"service\">\r\n<div class=\"icon\"><span class=\"icostyle-calendar\"><\/span><\/div>\r\n<div class=\"content\">\r\n<p>\u0627\u062d\u062a\u0631\u0627\u0645 \u0645\u0648\u0627\u0639\u064a\u062f \u0627\u0644\u062a\u0633\u0644\u064a\u0645 \u0645\u0637\u0644\u0628 \u0623\u0633\u0627\u0633\u064a \u0641\u064a <span class=\"font-weight-700\">\u0623\u0644\u064a\u0645\u0627\u062f<\/span>. \u0625\u0646 \u0627\u0644\u0634\u0639\u0648\u0631 \u0628\u0627\u0644\u0627\u0644\u062a\u0632\u0627\u0645 \u0647\u0648 \u0637\u0644\u0628 \u0644\u0644\u0641\u0631\u064a\u0642 \u0628\u0623\u0643\u0645\u0644\u0647 \u0648\u0637\u0648\u0627\u0644 \u0627\u0644\u0639\u0645\u0644\u064a\u0629.<\/p>\r\n<\/div>\r\n<\/div> \r\n<\/div>\r\n<\/div>\r\n\r\n\r\n<div class=\"row\">\r\n<div class=\"col-md-4\">\r\n<div class=\"service\">\r\n<div class=\"icon\"><span class=\"icostyle-requirement\"><\/span><\/div>\r\n<div class=\"content\">\r\n<p>\u0628\u0627\u0644\u062c\u062f\u064a\u0629 \u0648\u0627\u0644\u064a\u0642\u0638\u0629\u060c \u0646\u0633\u062a\u062c\u064a\u0628 \u0644\u0637\u0644\u0628\u0627\u062a\u0643\u0645 \u0628\u0627\u062d\u062a\u0631\u0627\u0641\u064a\u0629 \u0648\u0627\u0633\u062a\u062c\u0627\u0628\u0629. \u0646\u062d\u0646 \u0646\u0642\u0648\u0645 \u0628\u0627\u0633\u062a\u0645\u0631\u0627\u0631 \u0628\u0625\u0639\u0627\u062f\u0629 \u062a\u0642\u064a\u064a\u0645 \u0646\u0647\u062c\u0646\u0627 \u0648\u062a\u062c\u0631\u0628\u0629 \u0627\u0644\u0639\u0645\u0644\u0627\u0621 \u0628\u0646\u0627\u0621\u064b \u0639\u0644\u0649 \u0627\u0644\u0627\u062d\u062a\u064a\u0627\u062c\u0627\u062a \u0648\u0627\u0644\u062a\u0648\u0642\u0639\u0627\u062a \u0627\u0644\u0645\u062a\u0637\u0648\u0631\u0629 \u0628\u0627\u0633\u062a\u0645\u0631\u0627\u0631.<\/p>\r\n<\/div>\r\n<\/div> \r\n<\/div>\r\n\r\n<div class=\"col-md-4\">\r\n<div class=\"service\">\r\n<div class=\"icon\"><span class=\"icostyle-badge\"><\/span><\/div>\r\n<div class=\"content\">\r\n<p>Pour <span class=\"font-weight-700\">\u0623\u0644\u064a\u0645\u0627\u062f<\/span>, \u0641\u0645\u0646 \u0627\u0644\u0636\u0631\u0648\u0631\u064a \u062a\u0648\u0641\u064a\u0631 \u0645\u0646\u062a\u062c\u0627\u062a \u0622\u0645\u0646\u0629 \u0648\u0641\u0639\u0627\u0644\u0629 \u0644\u0639\u0645\u0644\u0627\u0626\u0646\u0627. \u0628\u0627\u0639\u062a\u0628\u0627\u0631\u0646\u0627 \u0634\u0631\u064a\u0643\u064b\u0627 \u0645\u0633\u0624\u0648\u0644\u064b\u0627\u060c \u0641\u0625\u0646\u0646\u0627 \u0646\u0641\u0631\u0636 \u0645\u0648\u0627\u062f \u062e\u0627\u0645 \u0645\u0639\u062a\u0645\u062f\u0629 \u0648\u0639\u0627\u0644\u064a\u0629 \u0627\u0644\u062c\u0648\u062f\u0629 \u062a\u0644\u0628\u064a \u0645\u062a\u0637\u0644\u0628\u0627\u062a \u0639\u0645\u0644\u0627\u0626\u0646\u0627.<\/p>\r\n<\/div>\r\n<\/div> \r\n<\/div>\r\n\r\n<div class=\"col-md-4\">\r\n<div class=\"service\">\r\n<div class=\"icon\"><span class=\"icostyle-design-tool\"><\/span><\/div>\r\n<div class=\"content\">\r\n<p>\u062a\u0645 \u062a\u0635\u0645\u064a\u0645 \u0646\u062c\u0627\u0631\u062a\u0646\u0627 \u0627\u0644\u0645\u062e\u0635\u0635\u0629 \u0644\u0625\u0631\u0636\u0627\u0626\u0643 \u062d\u062a\u0649 \u0623\u062f\u0642 \u0627\u0644\u062a\u0641\u0627\u0635\u064a\u0644. \u0628\u062d\u064a\u062b \u062a\u062a\u0646\u0627\u0633\u0628 \u062a\u0645\u0627\u0645\u064b\u0627 \u0645\u0639 \u0645\u0646\u0632\u0644\u0643 \u0648\u062a\u0645\u062b\u0644 \u0634\u062e\u0635\u064a\u062a\u0643\u060c \u064a\u0645\u0643\u0646\u0643 \u062a\u062e\u0635\u064a\u0635\u0647\u0627 \u0643\u0645\u0627 \u064a\u062d\u0644\u0648 \u0644\u0643. \u0628\u0627\u0644\u0646\u0633\u0628\u0629 \u0644\u0646\u0627\u060c \u0627\u0644\u062a\u0635\u0645\u064a\u0645 \u062d\u0633\u0628 \u0627\u0644\u0637\u0644\u0628 \u0644\u064a\u0633 \u0645\u062c\u0631\u062f \u0645\u0633\u0623\u0644\u0629 \u0623\u0628\u0639\u0627\u062f.\r\n<\/p>\r\n<\/div>\r\n<\/div> \r\n<\/div>\r\n<\/div>\r\n\r\n<\/div>\r\n<\/div>\r\n","protected":false},"excerpt":{"rendered":"<p>\u0646\u062d\u0646 \u0645\u0648\u062c\u0648\u062f\u0648\u0646 \u0641\u064a \u0633\u0648\u0642 \u0627\u0644\u0646\u062c\u0627\u0631\u0629 \u0645\u0646\u0630 \u0639\u0627\u0645 2014\u060c \u0648\u0646\u062d\u0646 \u0641\u062e\u0648\u0631\u0648\u0646 \u0628\u0623\u0646 \u0646\u0642\u062f\u0645 \u0644\u0643\u0645 \u0645\u0639\u0631\u0641\u062a\u0646\u0627 \u0627\u0644\u062a\u0642\u0646\u064a\u0629 \u0644\u0643\u0644 \u0639\u0646\u0635\u0631 \u0648\u0644\u0643\u0644 \u0645\u0634\u0631\u0648\u0639. \u0627\u0644\u0641\u0631\u064a\u0642 \u0627\u0644\u0630\u064a \u064a\u0639\u0645\u0644 \u0641\u064a \u0627\u0644\u0648\u0631\u0634 \u0623\u0644\u064a\u0645\u0627\u062f\u064a\u0633\u0639\u062f\u0646\u0627 \u0623\u0646 \u0646\u0642\u062f\u0645 \u0644\u0643 \u0646\u062a\u064a\u062c\u0629 \u0627\u0644\u0639\u0645\u0644 \u0627\u0644\u0634\u0627\u0642\u060c \u0628\u0645\u0648\u0627\u062f \u062e\u0627\u0645 \u0639\u0627\u0644\u064a\u0629 \u0627\u0644\u062c\u0648\u062f\u0629 \u0648\u0639\u0645\u0631 \u0627\u0641\u062a\u0631\u0627\u0636\u064a \u0637\u0648\u064a\u0644. \u0625\u0646\u062c\u0627\u0632\u0627\u062a\u0646\u0627 \u0627\u0644\u0641\u0631\u064a\u0642 \u0623\u0644\u064a\u0645\u0627\u062f \u064a\u062a\u0645\u062a\u0639 \u0628\u062e\u0628\u0631\u0629 \u0648\u0627\u0633\u0639\u0629 \u0641\u064a \u0645\u062c\u0627\u0644 \u0646\u062c\u0627\u0631\u0629 \u0627\u0644\u0623\u0644\u0645\u0646\u064a\u0648\u0645 \u0645\u0645\u0627 \u064a\u0633\u0645\u062d \u0644\u0646\u0627 \u0628\u062a\u0635\u0645\u064a\u0645 \u0645\u0634\u0631\u0648\u0639\u0643 \u0639\u0644\u0649 \u0627\u0644\u0646\u062d\u0648 [&hellip;]<\/p>\n","protected":false},"author":1,"featured_media":919,"parent":0,"menu_order":0,"comment_status":"closed","ping_status":"closed","template":"","meta":{"footnotes":""},"yoast_head":"<!-- This site is optimized with the Yoast SEO plugin v21.9.1 - https:\/\/yoast.com\/wordpress\/plugins\/seo\/ -->\n<title>Nos atouts - Alumed | Soci\u00e9t\u00e9 d&#039;aluminium en Tunisie<\/title>\n<meta name=\"description\" content=\"Pour tous vos besoins de menuiserie aluminium, contactez les professionnels de la soci\u00e9t\u00e9 Alumed sur t\u00e9l\u00e9phone ou \u00e0 travers notre site web.\" \/>\n<meta name=\"robots\" content=\"index, follow, max-snippet:-1, max-image-preview:large, max-video-preview:-1\" \/>\n<link rel=\"canonical\" href=\"https:\/\/alumed.tn\/ar\/\u0645\u0645\u064a\u0632\u0627\u062a\u0646\u0627\/\" \/>\n<meta property=\"og:locale\" content=\"ar_AR\" \/>\n<meta property=\"og:type\" content=\"article\" \/>\n<meta property=\"og:title\" content=\"Nos atouts - Alumed | Soci\u00e9t\u00e9 d&#039;aluminium en Tunisie\" \/>\n<meta property=\"og:description\" content=\"Pour tous vos besoins de menuiserie aluminium, contactez les professionnels de la soci\u00e9t\u00e9 Alumed sur t\u00e9l\u00e9phone ou \u00e0 travers notre site web.\" \/>\n<meta property=\"og:url\" content=\"https:\/\/alumed.tn\/ar\/\u0645\u0645\u064a\u0632\u0627\u062a\u0646\u0627\/\" \/>\n<meta property=\"og:site_name\" content=\"Alumed\" \/>\n<meta property=\"article:modified_time\" content=\"2024-02-06T10:13:14+00:00\" \/>\n<meta property=\"og:image\" content=\"https:\/\/alumed.tn\/wp-content\/uploads\/2021\/09\/banner-interne.jpg\" \/>\n\t<meta property=\"og:image:width\" content=\"1920\" \/>\n\t<meta property=\"og:image:height\" content=\"600\" \/>\n\t<meta property=\"og:image:type\" content=\"image\/jpeg\" \/>\n<meta name=\"twitter:card\" content=\"summary_large_image\" \/>\n<meta name=\"twitter:label1\" content=\"\u0648\u0642\u062a \u0627\u0644\u0642\u0631\u0627\u0621\u0629 \u0627\u0644\u0645\u064f\u0642\u062f\u0651\u0631\" \/>\n\t<meta name=\"twitter:data1\" content=\"\u062f\u0642\u064a\u0642\u062a\u0627\u0646\" \/>\n<script type=\"application\/ld+json\" class=\"yoast-schema-graph\">{\"@context\":\"https:\/\/schema.org\",\"@graph\":[{\"@type\":\"WebPage\",\"@id\":\"https:\/\/alumed.tn\/ar\/%d9%85%d9%85%d9%8a%d8%b2%d8%a7%d8%aa%d9%86%d8%a7\/\",\"url\":\"https:\/\/alumed.tn\/ar\/%d9%85%d9%85%d9%8a%d8%b2%d8%a7%d8%aa%d9%86%d8%a7\/\",\"name\":\"Nos atouts - Alumed | Soci\u00e9t\u00e9 d'aluminium en Tunisie\",\"isPartOf\":{\"@id\":\"https:\/\/alumed.tn\/#website\"},\"datePublished\":\"2021-10-01T10:07:41+00:00\",\"dateModified\":\"2024-02-06T10:13:14+00:00\",\"description\":\"Pour tous vos besoins de menuiserie aluminium, contactez les professionnels de la soci\u00e9t\u00e9 Alumed sur t\u00e9l\u00e9phone ou \u00e0 travers notre site web.\",\"breadcrumb\":{\"@id\":\"https:\/\/alumed.tn\/ar\/%d9%85%d9%85%d9%8a%d8%b2%d8%a7%d8%aa%d9%86%d8%a7\/#breadcrumb\"},\"inLanguage\":\"ar\",\"potentialAction\":[{\"@type\":\"ReadAction\",\"target\":[\"https:\/\/alumed.tn\/ar\/%d9%85%d9%85%d9%8a%d8%b2%d8%a7%d8%aa%d9%86%d8%a7\/\"]}]},{\"@type\":\"BreadcrumbList\",\"@id\":\"https:\/\/alumed.tn\/ar\/%d9%85%d9%85%d9%8a%d8%b2%d8%a7%d8%aa%d9%86%d8%a7\/#breadcrumb\",\"itemListElement\":[{\"@type\":\"ListItem\",\"position\":1,\"name\":\"Accueil\",\"item\":\"https:\/\/alumed.tn\/\"},{\"@type\":\"ListItem\",\"position\":2,\"name\":\"\u0645\u0645\u064a\u0632\u0627\u062a\u0646\u0627\"}]},{\"@type\":\"WebSite\",\"@id\":\"https:\/\/alumed.tn\/#website\",\"url\":\"https:\/\/alumed.tn\/\",\"name\":\"Alumed\",\"description\":\"Fabrication et pose d&#039;aluminium en Tunisie\",\"potentialAction\":[{\"@type\":\"SearchAction\",\"target\":{\"@type\":\"EntryPoint\",\"urlTemplate\":\"https:\/\/alumed.tn\/?s={search_term_string}\"},\"query-input\":\"required name=search_term_string\"}],\"inLanguage\":\"ar\"}]}<\/script>\n<!-- \/ Yoast SEO plugin. -->","yoast_head_json":{"title":"Nos atouts - Alumed | Soci\u00e9t\u00e9 d'aluminium en Tunisie","description":"Pour tous vos besoins de menuiserie aluminium, contactez les professionnels de la soci\u00e9t\u00e9 Alumed sur t\u00e9l\u00e9phone ou \u00e0 travers notre site web.","robots":{"index":"index","follow":"follow","max-snippet":"max-snippet:-1","max-image-preview":"max-image-preview:large","max-video-preview":"max-video-preview:-1"},"canonical":"https:\/\/alumed.tn\/ar\/\u0645\u0645\u064a\u0632\u0627\u062a\u0646\u0627\/","og_locale":"ar_AR","og_type":"article","og_title":"Nos atouts - Alumed | Soci\u00e9t\u00e9 d'aluminium en Tunisie","og_description":"Pour tous vos besoins de menuiserie aluminium, contactez les professionnels de la soci\u00e9t\u00e9 Alumed sur t\u00e9l\u00e9phone ou \u00e0 travers notre site web.","og_url":"https:\/\/alumed.tn\/ar\/\u0645\u0645\u064a\u0632\u0627\u062a\u0646\u0627\/","og_site_name":"Alumed","article_modified_time":"2024-02-06T10:13:14+00:00","og_image":[{"width":1920,"height":600,"url":"https:\/\/alumed.tn\/wp-content\/uploads\/2021\/09\/banner-interne.jpg","type":"image\/jpeg"}],"twitter_card":"summary_large_image","twitter_misc":{"\u0648\u0642\u062a \u0627\u0644\u0642\u0631\u0627\u0621\u0629 \u0627\u0644\u0645\u064f\u0642\u062f\u0651\u0631":"\u062f\u0642\u064a\u0642\u062a\u0627\u0646"},"schema":{"@context":"https:\/\/schema.org","@graph":[{"@type":"WebPage","@id":"https:\/\/alumed.tn\/ar\/%d9%85%d9%85%d9%8a%d8%b2%d8%a7%d8%aa%d9%86%d8%a7\/","url":"https:\/\/alumed.tn\/ar\/%d9%85%d9%85%d9%8a%d8%b2%d8%a7%d8%aa%d9%86%d8%a7\/","name":"Nos atouts - Alumed | Soci\u00e9t\u00e9 d'aluminium en Tunisie","isPartOf":{"@id":"https:\/\/alumed.tn\/#website"},"datePublished":"2021-10-01T10:07:41+00:00","dateModified":"2024-02-06T10:13:14+00:00","description":"Pour tous vos besoins de menuiserie aluminium, contactez les professionnels de la soci\u00e9t\u00e9 Alumed sur t\u00e9l\u00e9phone ou \u00e0 travers notre site web.","breadcrumb":{"@id":"https:\/\/alumed.tn\/ar\/%d9%85%d9%85%d9%8a%d8%b2%d8%a7%d8%aa%d9%86%d8%a7\/#breadcrumb"},"inLanguage":"ar","potentialAction":[{"@type":"ReadAction","target":["https:\/\/alumed.tn\/ar\/%d9%85%d9%85%d9%8a%d8%b2%d8%a7%d8%aa%d9%86%d8%a7\/"]}]},{"@type":"BreadcrumbList","@id":"https:\/\/alumed.tn\/ar\/%d9%85%d9%85%d9%8a%d8%b2%d8%a7%d8%aa%d9%86%d8%a7\/#breadcrumb","itemListElement":[{"@type":"ListItem","position":1,"name":"Accueil","item":"https:\/\/alumed.tn\/"},{"@type":"ListItem","position":2,"name":"\u0645\u0645\u064a\u0632\u0627\u062a\u0646\u0627"}]},{"@type":"WebSite","@id":"https:\/\/alumed.tn\/#website","url":"https:\/\/alumed.tn\/","name":"Alumed","description":"Fabrication et pose d&#039;aluminium en Tunisie","potentialAction":[{"@type":"SearchAction","target":{"@type":"EntryPoint","urlTemplate":"https:\/\/alumed.tn\/?s={search_term_string}"},"query-input":"required name=search_term_string"}],"inLanguage":"ar"}]}},"_links":{"self":[{"href":"https:\/\/alumed.tn\/ar\/wp-json\/wp\/v2\/pages\/890"}],"collection":[{"href":"https:\/\/alumed.tn\/ar\/wp-json\/wp\/v2\/pages"}],"about":[{"href":"https:\/\/alumed.tn\/ar\/wp-json\/wp\/v2\/types\/page"}],"author":[{"embeddable":true,"href":"https:\/\/alumed.tn\/ar\/wp-json\/wp\/v2\/users\/1"}],"replies":[{"embeddable":true,"href":"https:\/\/alumed.tn\/ar\/wp-json\/wp\/v2\/comments?post=890"}],"version-history":[{"count":8,"href":"https:\/\/alumed.tn\/ar\/wp-json\/wp\/v2\/pages\/890\/revisions"}],"predecessor-version":[{"id":2793,"href":"https:\/\/alumed.tn\/ar\/wp-json\/wp\/v2\/pages\/890\/revisions\/2793"}],"wp:featuredmedia":[{"embeddable":true,"href":"https:\/\/alumed.tn\/ar\/wp-json\/wp\/v2\/media\/919"}],"wp:attachment":[{"href":"https:\/\/alumed.tn\/ar\/wp-json\/wp\/v2\/media?parent=890"}],"curies":[{"name":"wp","href":"https:\/\/api.w.org\/{rel}","templated":true}]}}