{"id":888,"date":"2021-10-27T15:19:44","date_gmt":"2021-10-27T15:19:44","guid":{"rendered":"https:\/\/alumed.tn\/?page_id=888"},"modified":"2021-10-27T16:05:16","modified_gmt":"2021-10-27T16:05:16","slug":"%d8%b4%d8%a8%d9%83%d8%a7%d8%aa-%d8%a7%d9%84%d8%a8%d8%b9%d9%88%d8%b6","status":"publish","type":"page","link":"https:\/\/alumed.tn\/ar\/%d8%b4%d8%a8%d9%83%d8%a7%d8%aa-%d8%a7%d9%84%d8%a8%d8%b9%d9%88%d8%b6\/","title":{"rendered":"\u0634\u0628\u0643\u0627\u062a \u0627\u0644\u0628\u0639\u0648\u0636"},"content":{"rendered":"<div class=\"section-full3 p-tb90 square_shape2 bg-before5\">\r\n                <div class=\"container\">\r\n                    <div class=\"section-content \">\r\n                    \t<div class=\"row\">\r\n                        \t<div class=\"col-md-5 col-sm-6\">\r\n                            \t<div class=\"m-about m-l50 m-r50\">\r\n                            \t\t<div class=\"owl-carousel about-us-carousel owl-btn-bottom-right\">\r\n                                        <!-- COLUMNS 1 -->\r\n                                        <div class=\"item\">\r\n                                            <div class=\"ow-img wt-img-effect zoom-slow\">\r\n                                               <img decoding=\"async\" src=\"https:\/\/alumed.tn\/wp-content\/uploads\/2021\/09\/gal1.jpg\" alt=\"\">\r\n                                            <\/div>\r\n                                        <\/div>\r\n                                        <!-- COLUMNS 2 -->\r\n                                        <div class=\"item\">\r\n                                            <div class=\"ow-img wt-img-effect zoom-slow\">\r\n                                               <img decoding=\"async\" src=\"https:\/\/alumed.tn\/wp-content\/uploads\/2021\/09\/gal2.jpg\" alt=\"\">\r\n                                            <\/div>\r\n                                        <\/div>\r\n                                        <!-- COLUMNS 3 -->\r\n                                        <div class=\"item\">\r\n                                            <div class=\"owl-img wt-img-effect zoom-slow\">\r\n                                                <img decoding=\"async\" src=\"https:\/\/alumed.tn\/wp-content\/uploads\/2021\/09\/gal3.jpg\" alt=\"\">\r\n                                            <\/div>\r\n                                        <\/div>\r\n                                       \r\n                                   <\/div>\r\n                               <\/div>\r\n                            <\/div>\r\n                    \t\t<div class=\"col-md-6 col-sm-6\">\r\n                            \t<div class=\"m-about-containt font-16 text-align text-black p-t40\">\r\n                               <p><span class=\"font-weight-700\">ALUMED<\/span> vous propose des moustiquaires pour protection \u00e9cologique contre les insectes, faciles \u00e0 manipuler et \u00e0 poser sur vos fen\u00eatres.<\/p>\r\n                                    <p>V\u00e9ritables barri\u00e8res \u00e0 insectes et autres particules, les moustiquaires permettent de conserver une visibilit\u00e9 et une luminosit\u00e9 maximale.\r\n                                    <\/p>\r\n             <p>La fabrication, sur mesure, selon des dimensions et caract\u00e9ristiques sp\u00e9cifiques, est faisable gr\u00e2ce \u00e0 notre \u00e9quipe professionnelle.\r\n                                    <\/p>\r\n                                    \r\n                          <a href=\"https:\/\/alumed.tn\/contact\/\" class=\"btn1\">Contacter nous<\/a>\r\n\r\n                                <\/div>\r\n                            <\/div>                            \r\n                        <\/div>\r\n                    <\/div>\r\n                <\/div>\r\n            <\/div>  \r\n\r\n<div class=\"section-full11 bg-col square_shape2\">\r\n                <div class=\"container\">\r\n                    <div class=\"section-content\">\r\n                      \t<div class=\"team-outer1\">\r\n                            \t\t<div class=\"row\">\r\n                                        <!-- COLUMNS 1 -->\r\n                                        <div class=\"col-md-4 col-sm-4 col-xs-4 col-xs-100pc m-tb15\">\r\n                                            <div class=\"wt-team-six1 bg-white\">\r\n                                                <div class=\"wt-team-media wt-thum-bx wt-img-overlay1\">\r\n                                                    <img decoding=\"async\" src=\"https:\/\/alumed.tn\/wp-content\/uploads\/2021\/09\/Colibri50.jpg\" alt=\"\">\r\n                                                    <div class=\"overlay-bx\">\r\n                                                    \t<div class=\"overlay-icon\">\r\n                                                    \t\t<ul class=\"social-icons social-square social-dark\">\r\n                                                              \r\n                                                            <\/ul>\r\n                                                        <\/div>\r\n                                                    <\/div>\r\n                                                <\/div>\r\n                                                <div class=\"wt-team-info text-center bg-white p-lr10 p-tb20\">\r\n                                                    <h5 class=\"wt-team-title text-uppercase m-a0\"><a href=\"javascript:void(0);\">Moustiquaire <\/a><\/h5>\r\n                                                    <p class=\"m-b0\">Colibri50 <\/p>\r\n                                                    <!---->\r\n                                                <\/div>\r\n                                            <\/div>\r\n                                        <\/div>\r\n                                        <!-- COLUMNS 2 -->\r\n                                        <div class=\"col-md-4 col-sm-4 col-xs-4 col-xs-100pc m-tb15\">\r\n                                            <div class=\"wt-team-six1 bg-white\">\r\n                                                <div class=\"wt-team-media wt-thum-bx wt-img-overlay1\">\r\n                                                    <img decoding=\"async\" src=\"https:\/\/alumed.tn\/wp-content\/uploads\/2021\/09\/Sidney50.jpg\" alt=\"\">\r\n                                                    <div class=\"overlay-bx\">\r\n                                                    \t<div class=\"overlay-icon\">\r\n                                                    \t\t<ul class=\"social-icons social-square social-dark\">\r\n                                                          \r\n                                                            <\/ul>\r\n                                                        <\/div>\r\n                                                    <\/div>\r\n                                                <\/div>\r\n                                                <div class=\"wt-team-info text-center bg-white p-lr10 p-tb20\">\r\n                                                    <h5 class=\"wt-team-title text-uppercase m-a0\"><a href=\"javascript:void(0);\">Moustiquaire<\/a><\/h5>\r\n                                                    <p class=\"m-b0\">Sidney50<\/p>\r\n                                                    <!---->\r\n                                                <\/div>\r\n                                            <\/div>\r\n                                        <\/div> \r\n                                        <!-- COLUMNS 3 -->\r\n                                        <div class=\"col-md-4 col-sm-4 col-xs-4 col-xs-100pc m-tb15\">\r\n                                            <div class=\"wt-team-six1 bg-white\">\r\n                                                <div class=\"wt-team-media wt-thum-bx wt-img-overlay1\">\r\n                                                    <img decoding=\"async\" src=\"https:\/\/alumed.tn\/wp-content\/uploads\/2021\/10\/Sidney50-AC50.jpg\" alt=\"\">\r\n                                                    <div class=\"overlay-bx\">\r\n                                                    \t<div class=\"overlay-icon\">\r\n                                                    \t\t<ul class=\"social-icons social-square social-dark\">\r\n                                                           \r\n                                                            <\/ul>\r\n                                                        <\/div>\r\n                                                    <\/div>\r\n                                                <\/div>\r\n                                                <div class=\"wt-team-info text-center bg-white p-lr10 p-tb20\">\r\n                                                    <h5 class=\"wt-team-title text-uppercase m-a0\"><a href=\"javascript:void(0);\">Moustiquaire<\/a><\/h5>\r\n                                                    <p class=\"m-b0\">Sidney AC50<\/p>\r\n                                                    <!---->\r\n                                                <\/div>\r\n                                            <\/div>\r\n                                        <\/div>                                                                                                                                                           \r\n                                    <\/div>\r\n                                <\/div> \r\n                    <\/div> \r\n            <\/div>\r\n","protected":false},"excerpt":{"rendered":"<p>ALUMED vous propose des moustiquaires pour protection \u00e9cologique contre les insectes, faciles \u00e0 manipuler et \u00e0 poser sur vos fen\u00eatres. V\u00e9ritables barri\u00e8res \u00e0 insectes et autres particules, les moustiquaires permettent de conserver une visibilit\u00e9 et une luminosit\u00e9 maximale. La fabrication, sur mesure, selon des dimensions et caract\u00e9ristiques sp\u00e9cifiques, est faisable gr\u00e2ce \u00e0 notre \u00e9quipe professionnelle. [&hellip;]<\/p>\n","protected":false},"author":1,"featured_media":919,"parent":0,"menu_order":0,"comment_status":"closed","ping_status":"closed","template":"","meta":{"footnotes":""},"yoast_head":"<!-- This site is optimized with the Yoast SEO plugin v21.9.1 - https:\/\/yoast.com\/wordpress\/plugins\/seo\/ -->\n<title>\u0634\u0628\u0643\u0627\u062a \u0627\u0644\u0628\u0639\u0648\u0636 - Alumed<\/title>\n<meta name=\"robots\" content=\"index, follow, max-snippet:-1, max-image-preview:large, max-video-preview:-1\" \/>\n<link rel=\"canonical\" href=\"https:\/\/alumed.tn\/moustiquaires\/\" \/>\n<meta property=\"og:locale\" content=\"ar_AR\" \/>\n<meta property=\"og:type\" content=\"article\" \/>\n<meta property=\"og:title\" content=\"\u0634\u0628\u0643\u0627\u062a \u0627\u0644\u0628\u0639\u0648\u0636 - Alumed\" \/>\n<meta property=\"og:description\" content=\"ALUMED vous propose des moustiquaires pour protection \u00e9cologique contre les insectes, faciles \u00e0 manipuler et \u00e0 poser sur vos fen\u00eatres. V\u00e9ritables barri\u00e8res \u00e0 insectes et autres particules, les moustiquaires permettent de conserver une visibilit\u00e9 et une luminosit\u00e9 maximale. La fabrication, sur mesure, selon des dimensions et caract\u00e9ristiques sp\u00e9cifiques, est faisable gr\u00e2ce \u00e0 notre \u00e9quipe professionnelle. [&hellip;]\" \/>\n<meta property=\"og:url\" content=\"https:\/\/alumed.tn\/moustiquaires\/\" \/>\n<meta property=\"og:site_name\" content=\"Alumed\" \/>\n<meta property=\"article:modified_time\" content=\"2021-10-27T16:05:16+00:00\" \/>\n<meta property=\"og:image\" content=\"https:\/\/alumed.tn\/wp-content\/uploads\/2021\/09\/banner-interne.jpg\" \/>\n\t<meta property=\"og:image:width\" content=\"1920\" \/>\n\t<meta property=\"og:image:height\" content=\"600\" \/>\n\t<meta property=\"og:image:type\" content=\"image\/jpeg\" \/>\n<meta name=\"twitter:card\" content=\"summary_large_image\" \/>\n<script type=\"application\/ld+json\" class=\"yoast-schema-graph\">{\"@context\":\"https:\/\/schema.org\",\"@graph\":[{\"@type\":\"WebPage\",\"@id\":\"https:\/\/alumed.tn\/moustiquaires\/\",\"url\":\"https:\/\/alumed.tn\/moustiquaires\/\",\"name\":\"\u0634\u0628\u0643\u0627\u062a \u0627\u0644\u0628\u0639\u0648\u0636 - Alumed\",\"isPartOf\":{\"@id\":\"https:\/\/alumed.tn\/#website\"},\"datePublished\":\"2021-10-27T15:19:44+00:00\",\"dateModified\":\"2021-10-27T16:05:16+00:00\",\"breadcrumb\":{\"@id\":\"https:\/\/alumed.tn\/moustiquaires\/#breadcrumb\"},\"inLanguage\":\"ar\",\"potentialAction\":[{\"@type\":\"ReadAction\",\"target\":[\"https:\/\/alumed.tn\/moustiquaires\/\"]}]},{\"@type\":\"BreadcrumbList\",\"@id\":\"https:\/\/alumed.tn\/moustiquaires\/#breadcrumb\",\"itemListElement\":[{\"@type\":\"ListItem\",\"position\":1,\"name\":\"Accueil\",\"item\":\"https:\/\/alumed.tn\/\"},{\"@type\":\"ListItem\",\"position\":2,\"name\":\"\u0634\u0628\u0643\u0627\u062a \u0627\u0644\u0628\u0639\u0648\u0636\"}]},{\"@type\":\"WebSite\",\"@id\":\"https:\/\/alumed.tn\/#website\",\"url\":\"https:\/\/alumed.tn\/\",\"name\":\"Alumed\",\"description\":\"Fabrication et pose d&#039;aluminium en Tunisie\",\"potentialAction\":[{\"@type\":\"SearchAction\",\"target\":{\"@type\":\"EntryPoint\",\"urlTemplate\":\"https:\/\/alumed.tn\/?s={search_term_string}\"},\"query-input\":\"required name=search_term_string\"}],\"inLanguage\":\"ar\"}]}<\/script>\n<!-- \/ Yoast SEO plugin. -->","yoast_head_json":{"title":"\u0634\u0628\u0643\u0627\u062a \u0627\u0644\u0628\u0639\u0648\u0636 - Alumed","robots":{"index":"index","follow":"follow","max-snippet":"max-snippet:-1","max-image-preview":"max-image-preview:large","max-video-preview":"max-video-preview:-1"},"canonical":"https:\/\/alumed.tn\/moustiquaires\/","og_locale":"ar_AR","og_type":"article","og_title":"\u0634\u0628\u0643\u0627\u062a \u0627\u0644\u0628\u0639\u0648\u0636 - Alumed","og_description":"ALUMED vous propose des moustiquaires pour protection \u00e9cologique contre les insectes, faciles \u00e0 manipuler et \u00e0 poser sur vos fen\u00eatres. V\u00e9ritables barri\u00e8res \u00e0 insectes et autres particules, les moustiquaires permettent de conserver une visibilit\u00e9 et une luminosit\u00e9 maximale. La fabrication, sur mesure, selon des dimensions et caract\u00e9ristiques sp\u00e9cifiques, est faisable gr\u00e2ce \u00e0 notre \u00e9quipe professionnelle. [&hellip;]","og_url":"https:\/\/alumed.tn\/moustiquaires\/","og_site_name":"Alumed","article_modified_time":"2021-10-27T16:05:16+00:00","og_image":[{"width":1920,"height":600,"url":"https:\/\/alumed.tn\/wp-content\/uploads\/2021\/09\/banner-interne.jpg","type":"image\/jpeg"}],"twitter_card":"summary_large_image","schema":{"@context":"https:\/\/schema.org","@graph":[{"@type":"WebPage","@id":"https:\/\/alumed.tn\/moustiquaires\/","url":"https:\/\/alumed.tn\/moustiquaires\/","name":"\u0634\u0628\u0643\u0627\u062a \u0627\u0644\u0628\u0639\u0648\u0636 - Alumed","isPartOf":{"@id":"https:\/\/alumed.tn\/#website"},"datePublished":"2021-10-27T15:19:44+00:00","dateModified":"2021-10-27T16:05:16+00:00","breadcrumb":{"@id":"https:\/\/alumed.tn\/moustiquaires\/#breadcrumb"},"inLanguage":"ar","potentialAction":[{"@type":"ReadAction","target":["https:\/\/alumed.tn\/moustiquaires\/"]}]},{"@type":"BreadcrumbList","@id":"https:\/\/alumed.tn\/moustiquaires\/#breadcrumb","itemListElement":[{"@type":"ListItem","position":1,"name":"Accueil","item":"https:\/\/alumed.tn\/"},{"@type":"ListItem","position":2,"name":"\u0634\u0628\u0643\u0627\u062a \u0627\u0644\u0628\u0639\u0648\u0636"}]},{"@type":"WebSite","@id":"https:\/\/alumed.tn\/#website","url":"https:\/\/alumed.tn\/","name":"Alumed","description":"Fabrication et pose d&#039;aluminium en Tunisie","potentialAction":[{"@type":"SearchAction","target":{"@type":"EntryPoint","urlTemplate":"https:\/\/alumed.tn\/?s={search_term_string}"},"query-input":"required name=search_term_string"}],"inLanguage":"ar"}]}},"_links":{"self":[{"href":"https:\/\/alumed.tn\/ar\/wp-json\/wp\/v2\/pages\/888"}],"collection":[{"href":"https:\/\/alumed.tn\/ar\/wp-json\/wp\/v2\/pages"}],"about":[{"href":"https:\/\/alumed.tn\/ar\/wp-json\/wp\/v2\/types\/page"}],"author":[{"embeddable":true,"href":"https:\/\/alumed.tn\/ar\/wp-json\/wp\/v2\/users\/1"}],"replies":[{"embeddable":true,"href":"https:\/\/alumed.tn\/ar\/wp-json\/wp\/v2\/comments?post=888"}],"version-history":[{"count":1,"href":"https:\/\/alumed.tn\/ar\/wp-json\/wp\/v2\/pages\/888\/revisions"}],"predecessor-version":[{"id":889,"href":"https:\/\/alumed.tn\/ar\/wp-json\/wp\/v2\/pages\/888\/revisions\/889"}],"wp:featuredmedia":[{"embeddable":true,"href":"https:\/\/alumed.tn\/ar\/wp-json\/wp\/v2\/media\/919"}],"wp:attachment":[{"href":"https:\/\/alumed.tn\/ar\/wp-json\/wp\/v2\/media?parent=888"}],"curies":[{"name":"wp","href":"https:\/\/api.w.org\/{rel}","templated":true}]}}