{"id":877,"date":"2021-09-23T11:45:24","date_gmt":"2021-09-23T11:45:24","guid":{"rendered":"https:\/\/alumed.tn\/?page_id=877"},"modified":"2024-02-06T14:08:59","modified_gmt":"2024-02-06T14:08:59","slug":"%d8%a7%d9%84%d9%88%d8%a7%d8%ac%d9%87%d8%a7%d8%aa-%d8%a7%d9%84%d9%85%d8%b3%d8%aa%d9%85%d8%b1%d8%a9-%d8%a7%d9%84%d8%a8%d9%84%d9%88%d8%b1%d9%8a%d8%a9","status":"publish","type":"page","link":"https:\/\/alumed.tn\/ar\/%d8%a7%d9%84%d9%88%d8%a7%d8%ac%d9%87%d8%a7%d8%aa-%d8%a7%d9%84%d9%85%d8%b3%d8%aa%d9%85%d8%b1%d8%a9-%d8%a7%d9%84%d8%a8%d9%84%d9%88%d8%b1%d9%8a%d8%a9\/","title":{"rendered":"\u0627\u0644\u0648\u0627\u062c\u0647\u0627\u062a \u0627\u0644\u0645\u0633\u062a\u0645\u0631\u0629 \u0627\u0644\u0628\u0644\u0648\u0631\u064a\u0629"},"content":{"rendered":"<div class=\"section-full1 p-tb90 square_shape2 bg-before3\">\r\n                <div class=\"container\">\r\n                    <div class=\"section-content \">\r\n                    \t<div class=\"row\">\r\n                        \t<div class=\"col-md-5 col-sm-6\">\r\n                            \t<div class=\"m-about m-l50 m-r50\">\r\n                            \t\t<div class=\"owl-carousel about-us-carousel owl-btn-bottom-right\">\r\n                                        <!-- COLUMNS 1 -->\r\n                                        <div class=\"item\">\r\n                                            <div class=\"ow-img wt-img-effect zoom-slow\">\r\n                                               <img decoding=\"async\" src=\"https:\/\/alumed.tn\/wp-content\/uploads\/2021\/11\/technique1-facade.jpg\" alt=\"Fa\u00e7ade rideau aluminium\">\r\n                                            <\/div>\r\n                                        <\/div>\r\n                                        <!-- COLUMNS 2 -->\r\n                                        <div class=\"item\">\r\n                                            <div class=\"ow-img wt-img-effect zoom-slow\">\r\n                                               <img decoding=\"async\" src=\"https:\/\/alumed.tn\/wp-content\/uploads\/2021\/11\/technique2-facade.jpg\" alt=\"Fa\u00e7ade continue\">\r\n                                            <\/div>\r\n                                        <\/div>\r\n                                        <!-- COLUMNS 3 -->\r\n                                        <div class=\"item\">\r\n                                            <div class=\"owl-img wt-img-effect zoom-slow\">\r\n                                                <img decoding=\"async\" src=\"https:\/\/alumed.tn\/wp-content\/uploads\/2021\/11\/technique3-facade.jpg\" alt=\"Fa\u00e7ade aluminium\">\r\n                                            <\/div>\r\n                                        <\/div>\r\n                                       <!-- COLUMNS 4 -->\r\n                                        <div class=\"item\">\r\n                                            <div class=\"owl-img wt-img-effect zoom-slow\">\r\n                                                <img decoding=\"async\" src=\"https:\/\/alumed.tn\/wp-content\/uploads\/2021\/11\/technique4-facade.jpg\" alt=\"Fa\u00e7ade rideau immeuble\">\r\n                                            <\/div>\r\n                                        <\/div>\r\n                                       <!-- COLUMNS 5 -->\r\n                                        <div class=\"item\">\r\n                                            <div class=\"owl-img wt-img-effect zoom-slow\">\r\n                                                <img decoding=\"async\" src=\"https:\/\/alumed.tn\/wp-content\/uploads\/2021\/11\/technique5-facade.jpg\" alt=\"Pose de Fa\u00e7ade rideau en aluminium\">\r\n                                            <\/div>\r\n                                        <\/div>\r\n                                       <!-- COLUMNS 6 -->\r\n                                        <div class=\"item\">\r\n                                            <div class=\"owl-img wt-img-effect zoom-slow\">\r\n                                                <img decoding=\"async\" src=\"https:\/\/alumed.tn\/wp-content\/uploads\/2021\/11\/technique6-facade.jpg\" alt=\"Fa\u00e7ade rideau aluminium - Alumed\">\r\n                                            <\/div>\r\n                                        <\/div>\r\n                                         <!-- COLUMNS 7 -->\r\n                                        <div class=\"item\">\r\n                                            <div class=\"owl-img wt-img-effect zoom-slow\">\r\n                                                <img decoding=\"async\" src=\"https:\/\/alumed.tn\/wp-content\/uploads\/2021\/11\/technique7-facade.jpg\" alt=\"Mur rideau aluminium - Alumed\">\r\n                                            <\/div>\r\n                                        <\/div>\r\n                                       <div class=\"item\">\r\n                                            <div class=\"owl-img wt-img-effect zoom-slow\">\r\n                                                <img decoding=\"async\" src=\"https:\/\/alumed.tn\/wp-content\/uploads\/2021\/12\/mur-rideau-2.jpg\" alt=\"mur rideau aluminium Tunisie\">\r\n                                            <\/div>\r\n                                        <\/div>\r\n                                   <\/div>\r\n                               <\/div>\r\n                            <\/div>\r\n                    \t\t<div class=\"col-md-6 col-sm-6\">\r\n                            \t<div class=\"m-about-containt font-16 text-align text-black p-t30\">\r\n                               <p><strong>\u0648\u0627\u062c\u0647\u0629 \u0627\u0644\u0633\u062a\u0627\u0631<\/strong> \u0647\u064a \u0648\u0627\u062c\u0647\u0629 \u062e\u0641\u064a\u0641\u0629 \u0627\u0644\u0648\u0632\u0646 \u062a\u063a\u0644\u0642 \u063a\u0644\u0627\u0641 \u0627\u0644\u0645\u0628\u0646\u0649 \u0648\u062a\u0636\u064a\u0641 \u0645\u0646\u0627\u0638\u0631 \u0628\u0627\u0646\u0648\u0631\u0627\u0645\u064a\u0629 \u0648\u0636\u0648\u0621 \u0637\u0628\u064a\u0639\u064a.<\/p>\r\n                                    <p><strong>\u0646\u0638\u0627\u0645 \u0627\u0644\u062d\u0627\u0626\u0637 \u0627\u0644\u0633\u0627\u062a\u0631<\/strong> \u062a\u0645 \u062a\u0635\u0645\u064a\u0645\u0647 \u0644\u0645\u0642\u0627\u0648\u0645\u0629 \u062a\u0633\u0631\u0628 \u0648\u062a\u0631\u0634\u064a\u062d \u0627\u0644\u0647\u0648\u0627\u0621\u060c \u0648\u0642\u0648\u0629 \u0627\u0644\u0631\u064a\u0627\u062d&#8230; \u0648\u062a\u062d\u0648\u064a\u0644 \u0627\u0644\u063a\u0631\u0641\u0629 \u0627\u0644\u0639\u0627\u062f\u064a\u0629 \u0625\u0644\u0649 \u0634\u064a\u0621 \u0645\u0630\u0647\u0644.<\/p>\r\n             <p>\u0648\u0647\u064a \u0645\u062c\u0647\u0632\u0629 \u0628\u062d\u0634\u064a\u0627\u062a \u0645\u0627\u0646\u0639\u0629 \u0644\u0644\u062a\u0633\u0631\u0628\u060c \u0645\u0645\u0627 \u064a\u0636\u0645\u0646 \u0627\u0644\u0639\u0632\u0644 \u0627\u0644\u0645\u0627\u0626\u064a \u0627\u0644\u0645\u0636\u0645\u0648\u0646.\r\n                                    <\/p>\r\n                                    \r\n                          <a href=\"https:\/\/alumed.tn\/ar\/%d8%a7%d9%84%d8%a7%d8%aa%d8%b5%d8%a7%d9%84-%d8%a8%d9%86%d8%a7\/\" class=\"btn1\">\u0627\u062a\u0635\u0644 \u0628\u0646\u0627<\/a>\r\n\r\n                                <\/div>\r\n                            <\/div>                            \r\n                        <\/div>\r\n                    <\/div>\r\n                <\/div>\r\n            <\/div>  \r\n\r\n<div class=\"section-full11 bg-col square_shape2\">\r\n                <div class=\"container\">\r\n                    <div class=\"section-content\">\r\n                      \t<div class=\"team-outer1\">\r\n                            \t\t<div class=\"row\">\r\n                                        <!-- COLUMNS 1 -->\r\n                                        <div class=\"col-md-4 col-sm-4 col-xs-4 col-xs-100pc m-tb15\">\r\n                                            <div class=\"wt-team-six1 bg-white\">\r\n                                                <div class=\"wt-team-media wt-thum-bx wt-img-overlay1\">\r\n                                                    <img decoding=\"async\" src=\"https:\/\/alumed.tn\/wp-content\/uploads\/2021\/09\/VEC.jpg\" alt=\"\">\r\n                                                    <div class=\"overlay-bx\">\r\n                                                    \t<div class=\"overlay-icon\">\r\n                                                    \t\t<ul class=\"social-icons social-square social-dark\">\r\n                                                              \r\n                                                            <\/ul>\r\n                                                        <\/div>\r\n                                                    <\/div>\r\n                                                <\/div>\r\n                                                <div class=\"wt-team-info text-center bg-white p-lr10 p-tb20\">\r\n                                                    <h5 class=\"wt-team-title text-uppercase m-a0\"><a href=\"javascript:void(0);\">Verre ext\u00e9rieur coll\u00e9<\/a><\/h5>\r\n                                                    <p class=\"m-b0\">VEC <\/p>\r\n                                                    <!---->\r\n                                                <\/div>\r\n                                            <\/div>\r\n                                        <\/div>\r\n                                        <!-- COLUMNS 2 -->\r\n                                        <div class=\"col-md-4 col-sm-4 col-xs-4 col-xs-100pc m-tb15\">\r\n                                            <div class=\"wt-team-six1 bg-white\">\r\n                                                <div class=\"wt-team-media wt-thum-bx wt-img-overlay1\">\r\n                                                    <img decoding=\"async\" src=\"https:\/\/alumed.tn\/wp-content\/uploads\/2021\/09\/VEP.jpg\" alt=\"\">\r\n                                                    <div class=\"overlay-bx\">\r\n                                                    \t<div class=\"overlay-icon\">\r\n                                                    \t\t<ul class=\"social-icons social-square social-dark\">\r\n                                                          \r\n                                                            <\/ul>\r\n                                                        <\/div>\r\n                                                    <\/div>\r\n                                                <\/div>\r\n                                                <div class=\"wt-team-info text-center bg-white p-lr10 p-tb20\">\r\n                                                    <h5 class=\"wt-team-title text-uppercase m-a0\"><a href=\"javascript:void(0);\">Verre ext\u00e9rieur parclos\u00e9<\/a><\/h5>\r\n                                                    <p class=\"m-b0\">VEP<\/p>\r\n                                                    <!---->\r\n                                                <\/div>\r\n                                            <\/div>\r\n                                        <\/div> \r\n                                        <!-- COLUMNS 3 -->\r\n                                        <div class=\"col-md-4 col-sm-4 col-xs-4 col-xs-100pc m-tb15\">\r\n                                            <div class=\"wt-team-six1 bg-white\">\r\n                                                <div class=\"wt-team-media wt-thum-bx wt-img-overlay1\">\r\n                                                    <img decoding=\"async\" src=\"https:\/\/alumed.tn\/wp-content\/uploads\/2021\/09\/VEA.jpg\" alt=\"\">\r\n                                                    <div class=\"overlay-bx\">\r\n                                                    \t<div class=\"overlay-icon\">\r\n                                                    \t\t<ul class=\"social-icons social-square social-dark\">\r\n                                                           \r\n                                                            <\/ul>\r\n                                                        <\/div>\r\n                                                    <\/div>\r\n                                                <\/div>\r\n                                                <div class=\"wt-team-info text-center bg-white p-lr10 p-tb20\">\r\n                                                    <h5 class=\"wt-team-title text-uppercase m-a0\"><a href=\"javascript:void(0);\">Verre ext\u00e9rieur attach\u00e9 bord \u00e0 bord<\/a><\/h5>\r\n                                                    <p class=\"m-b0\">VEA<\/p>\r\n                                                    <!---->\r\n                                                <\/div>\r\n                                            <\/div>\r\n                                        <\/div>                                                                                                                                                           \r\n                                    <\/div>\r\n                                <\/div> \r\n                    <\/div> \r\n            <\/div>   \r\n<\/div>\r\n <div class=\"section-full11 bg-white\">\r\n<div class=\"container\">\r\n<div class=\"row\">\r\n<div class=\"col-md-9\">\r\n<div class=\"bg-text\">\r\n<p><span class=\"font-weight-700\">\u0623\u0644\u064a\u0645\u0627\u062f<\/span>\u0643\u0645\u0627 \u062a\u0642\u062f\u0645 \u062d\u0644\u0648\u0644\u0627\u064b \u0645\u0635\u0645\u0645\u0629 \u062e\u0635\u064a\u0635\u064b\u0627 \u0644\u0644\u0645\u0634\u0627\u0631\u064a\u0639 \u0627\u0644\u062a\u064a \u062a\u062a\u0637\u0644\u0628 \u062a\u0635\u0645\u064a\u0645\u064b\u0627 \u0645\u0639\u0645\u0627\u0631\u064a\u064b\u0627 \u0645\u062d\u062f\u062f\u064b\u0627 \u0644\u0648\u0627\u062c\u0647\u0627\u062a\u0647\u0627 \u0627\u0644\u0645\u0635\u0646\u0648\u0639\u0629 \u0645\u0646 \u0627\u0644\u0623\u0644\u0648\u0645\u0646\u064a\u0648\u0645.<\/p>\r\n<\/div>\r\n<\/div>\r\n<div class=\"col-md-3\">\r\n<a href=\"https:\/\/alumed.tn\/ar\/%d8%a5%d9%86%d8%ac%d8%a7%d8%b2%d8%a7%d8%aa%d9%86%d8%a7\/\" class=\"btn-text\"><span class=\"font-13 letter-spacing-5\"> \u0625\u0646\u062c\u0627\u0632\u0627\u062a\u0646\u0627<\/span><\/a>\r\n<\/div>\r\n<\/div>\r\n<\/div>\r\n<\/div>\r\n","protected":false},"excerpt":{"rendered":"<p>\u0648\u0627\u062c\u0647\u0629 \u0627\u0644\u0633\u062a\u0627\u0631 \u0647\u064a \u0648\u0627\u062c\u0647\u0629 \u062e\u0641\u064a\u0641\u0629 \u0627\u0644\u0648\u0632\u0646 \u062a\u063a\u0644\u0642 \u063a\u0644\u0627\u0641 \u0627\u0644\u0645\u0628\u0646\u0649 \u0648\u062a\u0636\u064a\u0641 \u0645\u0646\u0627\u0638\u0631 \u0628\u0627\u0646\u0648\u0631\u0627\u0645\u064a\u0629 \u0648\u0636\u0648\u0621 \u0637\u0628\u064a\u0639\u064a. \u0646\u0638\u0627\u0645 \u0627\u0644\u062d\u0627\u0626\u0637 \u0627\u0644\u0633\u0627\u062a\u0631 \u062a\u0645 \u062a\u0635\u0645\u064a\u0645\u0647 \u0644\u0645\u0642\u0627\u0648\u0645\u0629 \u062a\u0633\u0631\u0628 \u0648\u062a\u0631\u0634\u064a\u062d \u0627\u0644\u0647\u0648\u0627\u0621\u060c \u0648\u0642\u0648\u0629 \u0627\u0644\u0631\u064a\u0627\u062d&#8230; \u0648\u062a\u062d\u0648\u064a\u0644 \u0627\u0644\u063a\u0631\u0641\u0629 \u0627\u0644\u0639\u0627\u062f\u064a\u0629 \u0625\u0644\u0649 \u0634\u064a\u0621 \u0645\u0630\u0647\u0644. \u0648\u0647\u064a \u0645\u062c\u0647\u0632\u0629 \u0628\u062d\u0634\u064a\u0627\u062a \u0645\u0627\u0646\u0639\u0629 \u0644\u0644\u062a\u0633\u0631\u0628\u060c \u0645\u0645\u0627 \u064a\u0636\u0645\u0646 \u0627\u0644\u0639\u0632\u0644 \u0627\u0644\u0645\u0627\u0626\u064a \u0627\u0644\u0645\u0636\u0645\u0648\u0646. \u0627\u062a\u0635\u0644 \u0628\u0646\u0627 Verre ext\u00e9rieur coll\u00e9 VEC Verre ext\u00e9rieur parclos\u00e9 VEP Verre ext\u00e9rieur attach\u00e9 bord [&hellip;]<\/p>\n","protected":false},"author":1,"featured_media":2656,"parent":0,"menu_order":0,"comment_status":"closed","ping_status":"closed","template":"produit-template.php","meta":{"footnotes":""},"yoast_head":"<!-- This site is optimized with the Yoast SEO plugin v21.9.1 - https:\/\/yoast.com\/wordpress\/plugins\/seo\/ -->\n<title>Mur rideau aluminium Tunisie - Fa\u00e7ades continues | Alumed<\/title>\n<meta name=\"description\" content=\"Les professionnels d&#039;aluminium d&#039;Alumed assure la fabrication et la pose des fa\u00e7ades continues ou de mur rideau dans toute la Tunisie.\" \/>\n<meta name=\"robots\" content=\"index, follow, max-snippet:-1, max-image-preview:large, max-video-preview:-1\" \/>\n<link rel=\"canonical\" href=\"https:\/\/alumed.tn\/ar\/\u0627\u0644\u0648\u0627\u062c\u0647\u0627\u062a-\u0627\u0644\u0645\u0633\u062a\u0645\u0631\u0629-\u0627\u0644\u0628\u0644\u0648\u0631\u064a\u0629\/\" \/>\n<meta property=\"og:locale\" content=\"ar_AR\" \/>\n<meta property=\"og:type\" content=\"article\" \/>\n<meta property=\"og:title\" content=\"Mur rideau aluminium Tunisie - Fa\u00e7ades continues | Alumed\" \/>\n<meta property=\"og:description\" content=\"Les professionnels d&#039;aluminium d&#039;Alumed assure la fabrication et la pose des fa\u00e7ades continues ou de mur rideau dans toute la Tunisie.\" \/>\n<meta property=\"og:url\" content=\"https:\/\/alumed.tn\/ar\/\u0627\u0644\u0648\u0627\u062c\u0647\u0627\u062a-\u0627\u0644\u0645\u0633\u062a\u0645\u0631\u0629-\u0627\u0644\u0628\u0644\u0648\u0631\u064a\u0629\/\" \/>\n<meta property=\"og:site_name\" content=\"Alumed\" \/>\n<meta property=\"article:modified_time\" content=\"2024-02-06T14:08:59+00:00\" \/>\n<meta property=\"og:image\" content=\"https:\/\/alumed.tn\/wp-content\/uploads\/2022\/07\/8-1.jpg\" \/>\n\t<meta property=\"og:image:width\" content=\"1894\" \/>\n\t<meta property=\"og:image:height\" content=\"591\" \/>\n\t<meta property=\"og:image:type\" content=\"image\/jpeg\" \/>\n<meta name=\"twitter:card\" content=\"summary_large_image\" \/>\n<meta name=\"twitter:label1\" content=\"\u0648\u0642\u062a \u0627\u0644\u0642\u0631\u0627\u0621\u0629 \u0627\u0644\u0645\u064f\u0642\u062f\u0651\u0631\" \/>\n\t<meta name=\"twitter:data1\" content=\"3 \u062f\u0642\u0627\u0626\u0642\" \/>\n<script type=\"application\/ld+json\" class=\"yoast-schema-graph\">{\"@context\":\"https:\/\/schema.org\",\"@graph\":[{\"@type\":\"WebPage\",\"@id\":\"https:\/\/alumed.tn\/ar\/%d8%a7%d9%84%d9%88%d8%a7%d8%ac%d9%87%d8%a7%d8%aa-%d8%a7%d9%84%d9%85%d8%b3%d8%aa%d9%85%d8%b1%d8%a9-%d8%a7%d9%84%d8%a8%d9%84%d9%88%d8%b1%d9%8a%d8%a9\/\",\"url\":\"https:\/\/alumed.tn\/ar\/%d8%a7%d9%84%d9%88%d8%a7%d8%ac%d9%87%d8%a7%d8%aa-%d8%a7%d9%84%d9%85%d8%b3%d8%aa%d9%85%d8%b1%d8%a9-%d8%a7%d9%84%d8%a8%d9%84%d9%88%d8%b1%d9%8a%d8%a9\/\",\"name\":\"Mur rideau aluminium Tunisie - Fa\u00e7ades continues | Alumed\",\"isPartOf\":{\"@id\":\"https:\/\/alumed.tn\/#website\"},\"datePublished\":\"2021-09-23T11:45:24+00:00\",\"dateModified\":\"2024-02-06T14:08:59+00:00\",\"description\":\"Les professionnels d'aluminium d'Alumed assure la fabrication et la pose des fa\u00e7ades continues ou de mur rideau dans toute la Tunisie.\",\"breadcrumb\":{\"@id\":\"https:\/\/alumed.tn\/ar\/%d8%a7%d9%84%d9%88%d8%a7%d8%ac%d9%87%d8%a7%d8%aa-%d8%a7%d9%84%d9%85%d8%b3%d8%aa%d9%85%d8%b1%d8%a9-%d8%a7%d9%84%d8%a8%d9%84%d9%88%d8%b1%d9%8a%d8%a9\/#breadcrumb\"},\"inLanguage\":\"ar\",\"potentialAction\":[{\"@type\":\"ReadAction\",\"target\":[\"https:\/\/alumed.tn\/ar\/%d8%a7%d9%84%d9%88%d8%a7%d8%ac%d9%87%d8%a7%d8%aa-%d8%a7%d9%84%d9%85%d8%b3%d8%aa%d9%85%d8%b1%d8%a9-%d8%a7%d9%84%d8%a8%d9%84%d9%88%d8%b1%d9%8a%d8%a9\/\"]}]},{\"@type\":\"BreadcrumbList\",\"@id\":\"https:\/\/alumed.tn\/ar\/%d8%a7%d9%84%d9%88%d8%a7%d8%ac%d9%87%d8%a7%d8%aa-%d8%a7%d9%84%d9%85%d8%b3%d8%aa%d9%85%d8%b1%d8%a9-%d8%a7%d9%84%d8%a8%d9%84%d9%88%d8%b1%d9%8a%d8%a9\/#breadcrumb\",\"itemListElement\":[{\"@type\":\"ListItem\",\"position\":1,\"name\":\"Accueil\",\"item\":\"https:\/\/alumed.tn\/\"},{\"@type\":\"ListItem\",\"position\":2,\"name\":\"\u0627\u0644\u0648\u0627\u062c\u0647\u0627\u062a \u0627\u0644\u0645\u0633\u062a\u0645\u0631\u0629 \u0627\u0644\u0628\u0644\u0648\u0631\u064a\u0629\"}]},{\"@type\":\"WebSite\",\"@id\":\"https:\/\/alumed.tn\/#website\",\"url\":\"https:\/\/alumed.tn\/\",\"name\":\"Alumed\",\"description\":\"Fabrication et pose d&#039;aluminium en Tunisie\",\"potentialAction\":[{\"@type\":\"SearchAction\",\"target\":{\"@type\":\"EntryPoint\",\"urlTemplate\":\"https:\/\/alumed.tn\/?s={search_term_string}\"},\"query-input\":\"required name=search_term_string\"}],\"inLanguage\":\"ar\"}]}<\/script>\n<!-- \/ Yoast SEO plugin. -->","yoast_head_json":{"title":"Mur rideau aluminium Tunisie - Fa\u00e7ades continues | Alumed","description":"Les professionnels d'aluminium d'Alumed assure la fabrication et la pose des fa\u00e7ades continues ou de mur rideau dans toute la Tunisie.","robots":{"index":"index","follow":"follow","max-snippet":"max-snippet:-1","max-image-preview":"max-image-preview:large","max-video-preview":"max-video-preview:-1"},"canonical":"https:\/\/alumed.tn\/ar\/\u0627\u0644\u0648\u0627\u062c\u0647\u0627\u062a-\u0627\u0644\u0645\u0633\u062a\u0645\u0631\u0629-\u0627\u0644\u0628\u0644\u0648\u0631\u064a\u0629\/","og_locale":"ar_AR","og_type":"article","og_title":"Mur rideau aluminium Tunisie - Fa\u00e7ades continues | Alumed","og_description":"Les professionnels d'aluminium d'Alumed assure la fabrication et la pose des fa\u00e7ades continues ou de mur rideau dans toute la Tunisie.","og_url":"https:\/\/alumed.tn\/ar\/\u0627\u0644\u0648\u0627\u062c\u0647\u0627\u062a-\u0627\u0644\u0645\u0633\u062a\u0645\u0631\u0629-\u0627\u0644\u0628\u0644\u0648\u0631\u064a\u0629\/","og_site_name":"Alumed","article_modified_time":"2024-02-06T14:08:59+00:00","og_image":[{"width":1894,"height":591,"url":"https:\/\/alumed.tn\/wp-content\/uploads\/2022\/07\/8-1.jpg","type":"image\/jpeg"}],"twitter_card":"summary_large_image","twitter_misc":{"\u0648\u0642\u062a \u0627\u0644\u0642\u0631\u0627\u0621\u0629 \u0627\u0644\u0645\u064f\u0642\u062f\u0651\u0631":"3 \u062f\u0642\u0627\u0626\u0642"},"schema":{"@context":"https:\/\/schema.org","@graph":[{"@type":"WebPage","@id":"https:\/\/alumed.tn\/ar\/%d8%a7%d9%84%d9%88%d8%a7%d8%ac%d9%87%d8%a7%d8%aa-%d8%a7%d9%84%d9%85%d8%b3%d8%aa%d9%85%d8%b1%d8%a9-%d8%a7%d9%84%d8%a8%d9%84%d9%88%d8%b1%d9%8a%d8%a9\/","url":"https:\/\/alumed.tn\/ar\/%d8%a7%d9%84%d9%88%d8%a7%d8%ac%d9%87%d8%a7%d8%aa-%d8%a7%d9%84%d9%85%d8%b3%d8%aa%d9%85%d8%b1%d8%a9-%d8%a7%d9%84%d8%a8%d9%84%d9%88%d8%b1%d9%8a%d8%a9\/","name":"Mur rideau aluminium Tunisie - Fa\u00e7ades continues | Alumed","isPartOf":{"@id":"https:\/\/alumed.tn\/#website"},"datePublished":"2021-09-23T11:45:24+00:00","dateModified":"2024-02-06T14:08:59+00:00","description":"Les professionnels d'aluminium d'Alumed assure la fabrication et la pose des fa\u00e7ades continues ou de mur rideau dans toute la Tunisie.","breadcrumb":{"@id":"https:\/\/alumed.tn\/ar\/%d8%a7%d9%84%d9%88%d8%a7%d8%ac%d9%87%d8%a7%d8%aa-%d8%a7%d9%84%d9%85%d8%b3%d8%aa%d9%85%d8%b1%d8%a9-%d8%a7%d9%84%d8%a8%d9%84%d9%88%d8%b1%d9%8a%d8%a9\/#breadcrumb"},"inLanguage":"ar","potentialAction":[{"@type":"ReadAction","target":["https:\/\/alumed.tn\/ar\/%d8%a7%d9%84%d9%88%d8%a7%d8%ac%d9%87%d8%a7%d8%aa-%d8%a7%d9%84%d9%85%d8%b3%d8%aa%d9%85%d8%b1%d8%a9-%d8%a7%d9%84%d8%a8%d9%84%d9%88%d8%b1%d9%8a%d8%a9\/"]}]},{"@type":"BreadcrumbList","@id":"https:\/\/alumed.tn\/ar\/%d8%a7%d9%84%d9%88%d8%a7%d8%ac%d9%87%d8%a7%d8%aa-%d8%a7%d9%84%d9%85%d8%b3%d8%aa%d9%85%d8%b1%d8%a9-%d8%a7%d9%84%d8%a8%d9%84%d9%88%d8%b1%d9%8a%d8%a9\/#breadcrumb","itemListElement":[{"@type":"ListItem","position":1,"name":"Accueil","item":"https:\/\/alumed.tn\/"},{"@type":"ListItem","position":2,"name":"\u0627\u0644\u0648\u0627\u062c\u0647\u0627\u062a \u0627\u0644\u0645\u0633\u062a\u0645\u0631\u0629 \u0627\u0644\u0628\u0644\u0648\u0631\u064a\u0629"}]},{"@type":"WebSite","@id":"https:\/\/alumed.tn\/#website","url":"https:\/\/alumed.tn\/","name":"Alumed","description":"Fabrication et pose d&#039;aluminium en Tunisie","potentialAction":[{"@type":"SearchAction","target":{"@type":"EntryPoint","urlTemplate":"https:\/\/alumed.tn\/?s={search_term_string}"},"query-input":"required name=search_term_string"}],"inLanguage":"ar"}]}},"_links":{"self":[{"href":"https:\/\/alumed.tn\/ar\/wp-json\/wp\/v2\/pages\/877"}],"collection":[{"href":"https:\/\/alumed.tn\/ar\/wp-json\/wp\/v2\/pages"}],"about":[{"href":"https:\/\/alumed.tn\/ar\/wp-json\/wp\/v2\/types\/page"}],"author":[{"embeddable":true,"href":"https:\/\/alumed.tn\/ar\/wp-json\/wp\/v2\/users\/1"}],"replies":[{"embeddable":true,"href":"https:\/\/alumed.tn\/ar\/wp-json\/wp\/v2\/comments?post=877"}],"version-history":[{"count":8,"href":"https:\/\/alumed.tn\/ar\/wp-json\/wp\/v2\/pages\/877\/revisions"}],"predecessor-version":[{"id":2819,"href":"https:\/\/alumed.tn\/ar\/wp-json\/wp\/v2\/pages\/877\/revisions\/2819"}],"wp:featuredmedia":[{"embeddable":true,"href":"https:\/\/alumed.tn\/ar\/wp-json\/wp\/v2\/media\/2656"}],"wp:attachment":[{"href":"https:\/\/alumed.tn\/ar\/wp-json\/wp\/v2\/media?parent=877"}],"curies":[{"name":"wp","href":"https:\/\/api.w.org\/{rel}","templated":true}]}}