{"id":873,"date":"2021-09-24T11:00:58","date_gmt":"2021-09-24T11:00:58","guid":{"rendered":"https:\/\/alumed.tn\/?page_id=873"},"modified":"2024-02-06T14:19:51","modified_gmt":"2024-02-06T14:19:51","slug":"%d8%a7%d9%84%d9%88%d8%a7%d8%ac%d9%87%d8%a7%d8%aa-%d8%a7%d9%84%d9%85%d9%82%d8%b3%d9%85%d8%a9-%d9%84%d9%84%d9%85%d9%83%d8%a7%d8%aa%d8%a8","status":"publish","type":"page","link":"https:\/\/alumed.tn\/ar\/%d8%a7%d9%84%d9%88%d8%a7%d8%ac%d9%87%d8%a7%d8%aa-%d8%a7%d9%84%d9%85%d9%82%d8%b3%d9%85%d8%a9-%d9%84%d9%84%d9%85%d9%83%d8%a7%d8%aa%d8%a8\/","title":{"rendered":"\u0627\u0644\u0648\u0627\u062c\u0647\u0627\u062a \u0627\u0644\u0645\u0642\u0633\u0645\u0629 \u0644\u0644\u0645\u0643\u0627\u062a\u0628"},"content":{"rendered":"<div class=\"section-full1 p-tb90 square_shape2 bg-before8\">\r\n    <div class=\"container\">\r\n        <div class=\"section-content \">\r\n            <div class=\"row\">\r\n                <div class=\"col-md-5 col-sm-6\">\r\n                    <div class=\"m-about m-l50 m-r50\">\r\n                        <div class=\"owl-carousel about-us-carousel owl-btn-bottom-right\">\r\n                            <!-- COLUMNS 1 -->\r\n                            <div class=\"item\">\r\n                                <div class=\"ow-img wt-img-effect zoom-slow\">\r\n                                    <img decoding=\"async\" src=\"https:\/\/alumed.tn\/wp-content\/uploads\/2021\/12\/cloison1.webp\" alt=\"cloison de s\u00e9paration aluminium\">\r\n                                <\/div>\r\n                            <\/div>\r\n                            <div class=\"item\">\r\n                                <div class=\"ow-img wt-img-effect zoom-slow\">\r\n                                    <img decoding=\"async\" src=\"https:\/\/alumed.tn\/wp-content\/uploads\/2021\/12\/cloison2.webp\" alt=\"cloison de s\u00e9paration Tunisie\">\r\n                                <\/div>\r\n                            <\/div>\r\n                            <div class=\"item\">\r\n                                <div class=\"ow-img wt-img-effect zoom-slow\">\r\n                                    <img decoding=\"async\" src=\"https:\/\/alumed.tn\/wp-content\/uploads\/2021\/10\/technique1-cloison.jpg\" alt=\"cloison agencement aluminium\">\r\n                                <\/div>\r\n                            <\/div>\r\n                            <div class=\"item\">\r\n                                <div class=\"ow-img wt-img-effect zoom-slow\">\r\n                                    <img decoding=\"async\" src=\"https:\/\/alumed.tn\/wp-content\/uploads\/2021\/11\/menuiserie-battant.webp\" alt=\"cloison separation Tunisie\">\r\n                                <\/div>\r\n                            <\/div>\r\n\r\n                            <div class=\"item\">\r\n                                <div class=\"ow-img wt-img-effect zoom-slow\">\r\n                                    <img decoding=\"async\" src=\"https:\/\/alumed.tn\/wp-content\/uploads\/2021\/11\/menuiserie-battant1.webp\" alt=\"cloison de s\u00e9paration Alumed\">\r\n                                <\/div>\r\n                            <\/div>\r\n\r\n                        <\/div>\r\n                    <\/div>\r\n                <\/div>\r\n                <div class=\"col-md-6 col-sm-6\">\r\n                    <div class=\"m-about-containt font-16 text-align text-black p-t40\">\r\n                        <p><strong>\u0644\u062a\u062e\u0637\u064a\u0637 \u0627\u0644\u0645\u0643\u0627\u062a\u0628 \u0627\u0644\u062a\u062c\u0627\u0631\u064a\u0629<\/strong> \u0623\u0648 \u0627\u0644\u0645\u0628\u0627\u0646\u064a \u0627\u0644\u0645\u0647\u0646\u064a\u0629 \u0639\u0646 \u0637\u0631\u064a\u0642 \u062a\u0642\u0633\u064a\u0645 \u0627\u0644\u0623\u0642\u0633\u0627\u0645 \u0623\u0648 \u062a\u0631\u062a\u064a\u0628 \u0645\u0633\u0627\u062d\u0629 \u0627\u0644\u0639\u0645\u0644\u060c \u062a\u0648\u0641\u0631 \u0623\u0642\u0633\u0627\u0645 \u0627\u0644\u0623\u0644\u0648\u0645\u0646\u064a\u0648\u0645 <span class=\"font-weight-700\">\u0623\u0644\u064a\u0645\u0627\u062f<\/span> \u062a\u0642\u062f\u0645 \u0627\u0644\u0639\u062f\u064a\u062f \u0645\u0646 \u0627\u0644\u0645\u0632\u0627\u064a\u0627 \u0648\u0627\u0644\u0625\u0645\u0643\u0627\u0646\u064a\u0627\u062a.\r\n<\/p>\r\n                        <p>\u0628\u0641\u0636\u0644 \u0645\u0638\u0647\u0631\u0647 \u0627\u0644\u0639\u0635\u0631\u064a \u0648\u0627\u0644\u0645\u0635\u0645\u0645 \u0648\u0627\u0644\u062c\u0645\u0627\u0644\u064a\u060c \u064a\u062a\u0645 \u0627\u0633\u062a\u062e\u062f\u0627\u0645 \u0642\u0633\u0645 \u0627\u0644\u062a\u062e\u0637\u064a\u0637 \u0644\u062a\u0639\u062f\u064a\u0644 \u0645\u0633\u0627\u062d\u0627\u062a \u0627\u0644\u0639\u0645\u0644 \u0628\u0633\u0631\u0639\u0629 \u0648\u0628\u062a\u0643\u0644\u0641\u0629 \u0623\u0642\u0644. \u0625\u0646\u0647 \u064a\u0648\u0641\u0631 \u062a\u0642\u0644\u064a\u0644\u064b\u0627 \u0635\u0648\u062a\u064a\u064b\u0627 \u0644\u0627 \u0645\u062b\u064a\u0644 \u0644\u0647 \u0644\u0644\u0636\u0648\u0636\u0627\u0621 \u0627\u0644\u0645\u062d\u064a\u0637\u0629 (\u0639\u0632\u0644 \u062d\u0631\u0627\u0631\u064a \u0648\u0635\u0648\u062a\u064a \u0645\u0645\u062a\u0627\u0632)\u060c \u0644\u0644\u0639\u0645\u0644 \u0628\u0633\u0644\u0627\u0645 (\u0627\u0644\u0645\u0643\u062a\u0628\u060c \u063a\u0631\u0641\u0629 \u0627\u0644\u0627\u062c\u062a\u0645\u0627\u0639\u0627\u062a\u060c \u063a\u0631\u0641\u0629 \u0627\u0644\u062a\u062f\u0631\u064a\u0628\u060c \u0648\u0645\u0627 \u0625\u0644\u0649 \u0630\u0644\u0643).\r\n\r\n                        <\/p>\r\n                        <a href=\"https:\/\/alumed.tn\/ar\/%d8%a7%d9%84%d8%a7%d8%aa%d8%b5%d8%a7%d9%84-%d8%a8%d9%86%d8%a7\/\" class=\"btn1\">\u0627\u062a\u0635\u0644 \u0628\u0646\u0627<\/a>\r\n                    <\/div>\r\n                <\/div>\r\n            <\/div>\r\n        <\/div>\r\n    <\/div>\r\n<\/div>\r\n<div class=\"section-full11 bg-col square_shape2\">\r\n    <div class=\"container\">\r\n        <div class=\"section-content\">\r\n            <div class=\"team-outer1\">\r\n                <!-- COLUMNS 1 -->\r\n                <div class=\"grid-content\">\r\n                    <div class=\"wt-team-six1 bg-white\">\r\n                        <div class=\"wt-team-media wt-thum-bx wt-img-overlay1\">\r\n                            <img decoding=\"async\" src=\"https:\/\/alumed.tn\/wp-content\/uploads\/2021\/09\/TPR-16-Elipse.jpg\" alt=\"\">\r\n                            <div class=\"overlay-bx\">\r\n                                <div class=\"overlay-icon\">\r\n                                    <ul class=\"social-icons social-square social-dark\">\r\n                                    <\/ul>\r\n                                <\/div>\r\n                            <\/div>\r\n                        <\/div>\r\n                        <div class=\"wt-team-info text-center bg-white p-lr10 p-tb20\">\r\n                            <h5 class=\"wt-team-title text-uppercase m-a0\"><a href=\"javascript:void(0);\">Cloison double parois<\/a><\/h5>\r\n                            <p class=\"m-b0\">TPR 16 Elipse<\/p>\r\n                            <!---->\r\n                        <\/div>\r\n                    <\/div>\r\n                <\/div>\r\n            <\/div>\r\n        <\/div>\r\n    <\/div>\r\n<\/div>\r\n<div class=\"section-full11 bg-white\">\r\n    <div class=\"container\">\r\n        <div class=\"row\">\r\n            <div class=\"col-md-9\">\r\n                <div class=\"bg-text\">\r\n                    <p><span class=\"font-weight-700\">\u0623\u0644\u064a\u0645\u0627\u062f<\/span> \u062a\u0641\u062a\u062e\u0631 \u0628\u0627\u0645\u062a\u0644\u0627\u0643\u0647\u0627 \u0645\u0643\u062a\u0628\u064b\u0627 \u0641\u0646\u064a\u064b\u0627 \u064a\u062a\u0645\u062a\u0639 \u0628\u0627\u0644\u062e\u0628\u0631\u0629\u060c \u0648\u0627\u0644\u0630\u064a \u064a\u0645\u0643\u0646\u0647 \u062a\u0642\u062f\u064a\u0645 \u062d\u0644\u0648\u0644 \u0645\u0635\u0645\u0645\u0629 \u062e\u0635\u064a\u0635\u064b\u0627 \u0641\u064a \u062a\u062e\u0637\u064a\u0637 \u0627\u0644\u0623\u0642\u0633\u0627\u0645\u060c \u0628\u0645\u0627 \u064a\u062a\u0646\u0627\u0633\u0628 \u0645\u0639 \u0627\u0644\u062e\u0635\u0627\u0626\u0635 \u0627\u0644\u0623\u0628\u0639\u0627\u062f\u064a\u0629 \u0648\u0627\u0644\u0645\u0639\u0645\u0627\u0631\u064a\u0629 \u0644\u0644\u0645\u0633\u0627\u062d\u0629.<\/p>\r\n                <\/div>\r\n            <\/div>\r\n            <div class=\"col-md-3\">\r\n                <a href=\"https:\/\/alumed.tn\/ar\/%d8%a5%d9%86%d8%ac%d8%a7%d8%b2%d8%a7%d8%aa%d9%86%d8%a7\/\" class=\"btn-text\"><span class=\"font-13 letter-spacing-5\"> \u0625\u0646\u062c\u0627\u0632\u0627\u062a\u0646\u0627 <\/span><\/a>\r\n            <\/div>\r\n        <\/div>\r\n    <\/div>\r\n<\/div>\r\n","protected":false},"excerpt":{"rendered":"<p>\u0644\u062a\u062e\u0637\u064a\u0637 \u0627\u0644\u0645\u0643\u0627\u062a\u0628 \u0627\u0644\u062a\u062c\u0627\u0631\u064a\u0629 \u0623\u0648 \u0627\u0644\u0645\u0628\u0627\u0646\u064a \u0627\u0644\u0645\u0647\u0646\u064a\u0629 \u0639\u0646 \u0637\u0631\u064a\u0642 \u062a\u0642\u0633\u064a\u0645 \u0627\u0644\u0623\u0642\u0633\u0627\u0645 \u0623\u0648 \u062a\u0631\u062a\u064a\u0628 \u0645\u0633\u0627\u062d\u0629 \u0627\u0644\u0639\u0645\u0644\u060c \u062a\u0648\u0641\u0631 \u0623\u0642\u0633\u0627\u0645 \u0627\u0644\u0623\u0644\u0648\u0645\u0646\u064a\u0648\u0645 \u0623\u0644\u064a\u0645\u0627\u062f \u062a\u0642\u062f\u0645 \u0627\u0644\u0639\u062f\u064a\u062f \u0645\u0646 \u0627\u0644\u0645\u0632\u0627\u064a\u0627 \u0648\u0627\u0644\u0625\u0645\u0643\u0627\u0646\u064a\u0627\u062a. \u0628\u0641\u0636\u0644 \u0645\u0638\u0647\u0631\u0647 \u0627\u0644\u0639\u0635\u0631\u064a \u0648\u0627\u0644\u0645\u0635\u0645\u0645 \u0648\u0627\u0644\u062c\u0645\u0627\u0644\u064a\u060c \u064a\u062a\u0645 \u0627\u0633\u062a\u062e\u062f\u0627\u0645 \u0642\u0633\u0645 \u0627\u0644\u062a\u062e\u0637\u064a\u0637 \u0644\u062a\u0639\u062f\u064a\u0644 \u0645\u0633\u0627\u062d\u0627\u062a \u0627\u0644\u0639\u0645\u0644 \u0628\u0633\u0631\u0639\u0629 \u0648\u0628\u062a\u0643\u0644\u0641\u0629 \u0623\u0642\u0644. \u0625\u0646\u0647 \u064a\u0648\u0641\u0631 \u062a\u0642\u0644\u064a\u0644\u064b\u0627 \u0635\u0648\u062a\u064a\u064b\u0627 \u0644\u0627 \u0645\u062b\u064a\u0644 \u0644\u0647 \u0644\u0644\u0636\u0648\u0636\u0627\u0621 \u0627\u0644\u0645\u062d\u064a\u0637\u0629 (\u0639\u0632\u0644 \u062d\u0631\u0627\u0631\u064a \u0648\u0635\u0648\u062a\u064a \u0645\u0645\u062a\u0627\u0632)\u060c \u0644\u0644\u0639\u0645\u0644 \u0628\u0633\u0644\u0627\u0645 (\u0627\u0644\u0645\u0643\u062a\u0628\u060c \u063a\u0631\u0641\u0629 [&hellip;]<\/p>\n","protected":false},"author":1,"featured_media":2656,"parent":0,"menu_order":0,"comment_status":"closed","ping_status":"closed","template":"produit-template.php","meta":{"footnotes":""},"yoast_head":"<!-- This site is optimized with the Yoast SEO plugin v21.9.1 - https:\/\/yoast.com\/wordpress\/plugins\/seo\/ -->\n<title>Cloison de s\u00e9paration en Tunisie - Cloison agencement | Alumed<\/title>\n<meta name=\"description\" content=\"Alumed fabrique de cloison de s\u00e9paration pour bien agencer les locaux professionnels avec moindre co\u00fbt. D\u00e9couvrez nos r\u00e9alisations\" \/>\n<meta name=\"robots\" content=\"index, follow, max-snippet:-1, max-image-preview:large, max-video-preview:-1\" \/>\n<link rel=\"canonical\" href=\"https:\/\/alumed.tn\/ar\/\u0627\u0644\u0648\u0627\u062c\u0647\u0627\u062a-\u0627\u0644\u0645\u0642\u0633\u0645\u0629-\u0644\u0644\u0645\u0643\u0627\u062a\u0628\/\" \/>\n<meta property=\"og:locale\" content=\"ar_AR\" \/>\n<meta property=\"og:type\" content=\"article\" \/>\n<meta property=\"og:title\" content=\"Cloison de s\u00e9paration en Tunisie - Cloison agencement | Alumed\" \/>\n<meta property=\"og:description\" content=\"Alumed fabrique de cloison de s\u00e9paration pour bien agencer les locaux professionnels avec moindre co\u00fbt. D\u00e9couvrez nos r\u00e9alisations\" \/>\n<meta property=\"og:url\" content=\"https:\/\/alumed.tn\/ar\/\u0627\u0644\u0648\u0627\u062c\u0647\u0627\u062a-\u0627\u0644\u0645\u0642\u0633\u0645\u0629-\u0644\u0644\u0645\u0643\u0627\u062a\u0628\/\" \/>\n<meta property=\"og:site_name\" content=\"Alumed\" \/>\n<meta property=\"article:modified_time\" content=\"2024-02-06T14:19:51+00:00\" \/>\n<meta property=\"og:image\" content=\"https:\/\/alumed.tn\/wp-content\/uploads\/2022\/07\/8-1.jpg\" \/>\n\t<meta property=\"og:image:width\" content=\"1894\" \/>\n\t<meta property=\"og:image:height\" content=\"591\" \/>\n\t<meta property=\"og:image:type\" content=\"image\/jpeg\" \/>\n<meta name=\"twitter:card\" content=\"summary_large_image\" \/>\n<meta name=\"twitter:label1\" content=\"\u0648\u0642\u062a \u0627\u0644\u0642\u0631\u0627\u0621\u0629 \u0627\u0644\u0645\u064f\u0642\u062f\u0651\u0631\" \/>\n\t<meta name=\"twitter:data1\" content=\"3 \u062f\u0642\u0627\u0626\u0642\" \/>\n<script type=\"application\/ld+json\" class=\"yoast-schema-graph\">{\"@context\":\"https:\/\/schema.org\",\"@graph\":[{\"@type\":\"WebPage\",\"@id\":\"https:\/\/alumed.tn\/ar\/%d8%a7%d9%84%d9%88%d8%a7%d8%ac%d9%87%d8%a7%d8%aa-%d8%a7%d9%84%d9%85%d9%82%d8%b3%d9%85%d8%a9-%d9%84%d9%84%d9%85%d9%83%d8%a7%d8%aa%d8%a8\/\",\"url\":\"https:\/\/alumed.tn\/ar\/%d8%a7%d9%84%d9%88%d8%a7%d8%ac%d9%87%d8%a7%d8%aa-%d8%a7%d9%84%d9%85%d9%82%d8%b3%d9%85%d8%a9-%d9%84%d9%84%d9%85%d9%83%d8%a7%d8%aa%d8%a8\/\",\"name\":\"Cloison de s\u00e9paration en Tunisie - Cloison agencement | Alumed\",\"isPartOf\":{\"@id\":\"https:\/\/alumed.tn\/#website\"},\"datePublished\":\"2021-09-24T11:00:58+00:00\",\"dateModified\":\"2024-02-06T14:19:51+00:00\",\"description\":\"Alumed fabrique de cloison de s\u00e9paration pour bien agencer les locaux professionnels avec moindre co\u00fbt. D\u00e9couvrez nos r\u00e9alisations\",\"breadcrumb\":{\"@id\":\"https:\/\/alumed.tn\/ar\/%d8%a7%d9%84%d9%88%d8%a7%d8%ac%d9%87%d8%a7%d8%aa-%d8%a7%d9%84%d9%85%d9%82%d8%b3%d9%85%d8%a9-%d9%84%d9%84%d9%85%d9%83%d8%a7%d8%aa%d8%a8\/#breadcrumb\"},\"inLanguage\":\"ar\",\"potentialAction\":[{\"@type\":\"ReadAction\",\"target\":[\"https:\/\/alumed.tn\/ar\/%d8%a7%d9%84%d9%88%d8%a7%d8%ac%d9%87%d8%a7%d8%aa-%d8%a7%d9%84%d9%85%d9%82%d8%b3%d9%85%d8%a9-%d9%84%d9%84%d9%85%d9%83%d8%a7%d8%aa%d8%a8\/\"]}]},{\"@type\":\"BreadcrumbList\",\"@id\":\"https:\/\/alumed.tn\/ar\/%d8%a7%d9%84%d9%88%d8%a7%d8%ac%d9%87%d8%a7%d8%aa-%d8%a7%d9%84%d9%85%d9%82%d8%b3%d9%85%d8%a9-%d9%84%d9%84%d9%85%d9%83%d8%a7%d8%aa%d8%a8\/#breadcrumb\",\"itemListElement\":[{\"@type\":\"ListItem\",\"position\":1,\"name\":\"Accueil\",\"item\":\"https:\/\/alumed.tn\/\"},{\"@type\":\"ListItem\",\"position\":2,\"name\":\"\u0627\u0644\u0648\u0627\u062c\u0647\u0627\u062a \u0627\u0644\u0645\u0642\u0633\u0645\u0629 \u0644\u0644\u0645\u0643\u0627\u062a\u0628\"}]},{\"@type\":\"WebSite\",\"@id\":\"https:\/\/alumed.tn\/#website\",\"url\":\"https:\/\/alumed.tn\/\",\"name\":\"Alumed\",\"description\":\"Fabrication et pose d&#039;aluminium en Tunisie\",\"potentialAction\":[{\"@type\":\"SearchAction\",\"target\":{\"@type\":\"EntryPoint\",\"urlTemplate\":\"https:\/\/alumed.tn\/?s={search_term_string}\"},\"query-input\":\"required name=search_term_string\"}],\"inLanguage\":\"ar\"}]}<\/script>\n<!-- \/ Yoast SEO plugin. -->","yoast_head_json":{"title":"Cloison de s\u00e9paration en Tunisie - Cloison agencement | Alumed","description":"Alumed fabrique de cloison de s\u00e9paration pour bien agencer les locaux professionnels avec moindre co\u00fbt. D\u00e9couvrez nos r\u00e9alisations","robots":{"index":"index","follow":"follow","max-snippet":"max-snippet:-1","max-image-preview":"max-image-preview:large","max-video-preview":"max-video-preview:-1"},"canonical":"https:\/\/alumed.tn\/ar\/\u0627\u0644\u0648\u0627\u062c\u0647\u0627\u062a-\u0627\u0644\u0645\u0642\u0633\u0645\u0629-\u0644\u0644\u0645\u0643\u0627\u062a\u0628\/","og_locale":"ar_AR","og_type":"article","og_title":"Cloison de s\u00e9paration en Tunisie - Cloison agencement | Alumed","og_description":"Alumed fabrique de cloison de s\u00e9paration pour bien agencer les locaux professionnels avec moindre co\u00fbt. D\u00e9couvrez nos r\u00e9alisations","og_url":"https:\/\/alumed.tn\/ar\/\u0627\u0644\u0648\u0627\u062c\u0647\u0627\u062a-\u0627\u0644\u0645\u0642\u0633\u0645\u0629-\u0644\u0644\u0645\u0643\u0627\u062a\u0628\/","og_site_name":"Alumed","article_modified_time":"2024-02-06T14:19:51+00:00","og_image":[{"width":1894,"height":591,"url":"https:\/\/alumed.tn\/wp-content\/uploads\/2022\/07\/8-1.jpg","type":"image\/jpeg"}],"twitter_card":"summary_large_image","twitter_misc":{"\u0648\u0642\u062a \u0627\u0644\u0642\u0631\u0627\u0621\u0629 \u0627\u0644\u0645\u064f\u0642\u062f\u0651\u0631":"3 \u062f\u0642\u0627\u0626\u0642"},"schema":{"@context":"https:\/\/schema.org","@graph":[{"@type":"WebPage","@id":"https:\/\/alumed.tn\/ar\/%d8%a7%d9%84%d9%88%d8%a7%d8%ac%d9%87%d8%a7%d8%aa-%d8%a7%d9%84%d9%85%d9%82%d8%b3%d9%85%d8%a9-%d9%84%d9%84%d9%85%d9%83%d8%a7%d8%aa%d8%a8\/","url":"https:\/\/alumed.tn\/ar\/%d8%a7%d9%84%d9%88%d8%a7%d8%ac%d9%87%d8%a7%d8%aa-%d8%a7%d9%84%d9%85%d9%82%d8%b3%d9%85%d8%a9-%d9%84%d9%84%d9%85%d9%83%d8%a7%d8%aa%d8%a8\/","name":"Cloison de s\u00e9paration en Tunisie - Cloison agencement | Alumed","isPartOf":{"@id":"https:\/\/alumed.tn\/#website"},"datePublished":"2021-09-24T11:00:58+00:00","dateModified":"2024-02-06T14:19:51+00:00","description":"Alumed fabrique de cloison de s\u00e9paration pour bien agencer les locaux professionnels avec moindre co\u00fbt. D\u00e9couvrez nos r\u00e9alisations","breadcrumb":{"@id":"https:\/\/alumed.tn\/ar\/%d8%a7%d9%84%d9%88%d8%a7%d8%ac%d9%87%d8%a7%d8%aa-%d8%a7%d9%84%d9%85%d9%82%d8%b3%d9%85%d8%a9-%d9%84%d9%84%d9%85%d9%83%d8%a7%d8%aa%d8%a8\/#breadcrumb"},"inLanguage":"ar","potentialAction":[{"@type":"ReadAction","target":["https:\/\/alumed.tn\/ar\/%d8%a7%d9%84%d9%88%d8%a7%d8%ac%d9%87%d8%a7%d8%aa-%d8%a7%d9%84%d9%85%d9%82%d8%b3%d9%85%d8%a9-%d9%84%d9%84%d9%85%d9%83%d8%a7%d8%aa%d8%a8\/"]}]},{"@type":"BreadcrumbList","@id":"https:\/\/alumed.tn\/ar\/%d8%a7%d9%84%d9%88%d8%a7%d8%ac%d9%87%d8%a7%d8%aa-%d8%a7%d9%84%d9%85%d9%82%d8%b3%d9%85%d8%a9-%d9%84%d9%84%d9%85%d9%83%d8%a7%d8%aa%d8%a8\/#breadcrumb","itemListElement":[{"@type":"ListItem","position":1,"name":"Accueil","item":"https:\/\/alumed.tn\/"},{"@type":"ListItem","position":2,"name":"\u0627\u0644\u0648\u0627\u062c\u0647\u0627\u062a \u0627\u0644\u0645\u0642\u0633\u0645\u0629 \u0644\u0644\u0645\u0643\u0627\u062a\u0628"}]},{"@type":"WebSite","@id":"https:\/\/alumed.tn\/#website","url":"https:\/\/alumed.tn\/","name":"Alumed","description":"Fabrication et pose d&#039;aluminium en Tunisie","potentialAction":[{"@type":"SearchAction","target":{"@type":"EntryPoint","urlTemplate":"https:\/\/alumed.tn\/?s={search_term_string}"},"query-input":"required name=search_term_string"}],"inLanguage":"ar"}]}},"_links":{"self":[{"href":"https:\/\/alumed.tn\/ar\/wp-json\/wp\/v2\/pages\/873"}],"collection":[{"href":"https:\/\/alumed.tn\/ar\/wp-json\/wp\/v2\/pages"}],"about":[{"href":"https:\/\/alumed.tn\/ar\/wp-json\/wp\/v2\/types\/page"}],"author":[{"embeddable":true,"href":"https:\/\/alumed.tn\/ar\/wp-json\/wp\/v2\/users\/1"}],"replies":[{"embeddable":true,"href":"https:\/\/alumed.tn\/ar\/wp-json\/wp\/v2\/comments?post=873"}],"version-history":[{"count":8,"href":"https:\/\/alumed.tn\/ar\/wp-json\/wp\/v2\/pages\/873\/revisions"}],"predecessor-version":[{"id":2827,"href":"https:\/\/alumed.tn\/ar\/wp-json\/wp\/v2\/pages\/873\/revisions\/2827"}],"wp:featuredmedia":[{"embeddable":true,"href":"https:\/\/alumed.tn\/ar\/wp-json\/wp\/v2\/media\/2656"}],"wp:attachment":[{"href":"https:\/\/alumed.tn\/ar\/wp-json\/wp\/v2\/media?parent=873"}],"curies":[{"name":"wp","href":"https:\/\/api.w.org\/{rel}","templated":true}]}}