{"id":871,"date":"2021-09-24T09:51:59","date_gmt":"2021-09-24T09:51:59","guid":{"rendered":"https:\/\/alumed.tn\/?page_id=871"},"modified":"2024-02-06T14:33:12","modified_gmt":"2024-02-06T14:33:12","slug":"%d9%83%d8%a7%d8%b3%d8%b1%d8%a7%d8%aa-%d8%a7%d9%84%d8%b4%d9%85%d8%b3","status":"publish","type":"page","link":"https:\/\/alumed.tn\/ar\/%d9%83%d8%a7%d8%b3%d8%b1%d8%a7%d8%aa-%d8%a7%d9%84%d8%b4%d9%85%d8%b3\/","title":{"rendered":"\u0643\u0627\u0633\u0631\u0627\u062a \u0627\u0644\u0634\u0645\u0633"},"content":{"rendered":"<div class=\"section-full1 p-tb90 square_shape2 bg-before6\">\r\n    <div class=\"container\">\r\n        <div class=\"section-content \">\r\n            <div class=\"row\">\r\n                <div class=\"col-md-5 col-sm-6\">\r\n                    <div class=\"m-about m-l50 m-r50\">\r\n                        <div class=\"owl-carousel about-us-carousel owl-btn-bottom-right\">\r\n                            <div class=\"item\">\r\n                                <div class=\"ow-img wt-img-effect zoom-slow\">\r\n                                    <img decoding=\"async\" src=\"https:\/\/alumed.tn\/wp-content\/uploads\/2021\/11\/brise-soleil-tunisie-alumed.jpg\" alt=\"Brise de soleil Tunisie\">\r\n                                <\/div>\r\n                            <\/div>\r\n                            <div class=\"item\">\r\n                                <div class=\"ow-img wt-img-effect zoom-slow\">\r\n                                    <img decoding=\"async\" src=\"https:\/\/alumed.tn\/wp-content\/uploads\/2021\/11\/brise-soleil1-tunisie-alumed.jpg\" alt=\"Fabrication brise de soleil Tunisie\">\r\n                                <\/div>\r\n                            <\/div>\r\n                            <!-- COLUMNS 1 -->\r\n                            <div class=\"item\">\r\n                                <div class=\"ow-img wt-img-effect zoom-slow\">\r\n                                    <img decoding=\"async\" src=\"https:\/\/alumed.tn\/wp-content\/uploads\/2021\/11\/technique1-Brise.jpg\" alt=\"Pose de brise de soleil en Tunisie\">\r\n                                <\/div>\r\n                            <\/div>\r\n                            <!-- COLUMNS 2 -->\r\n                            <div class=\"item\">\r\n                                <div class=\"ow-img wt-img-effect zoom-slow\">\r\n                                    <img decoding=\"async\" src=\"https:\/\/alumed.tn\/wp-content\/uploads\/2021\/11\/technique5-Brise.jpg\" alt=\"Brise de soleil aluminium Tunisie\">\r\n                                <\/div>\r\n                            <\/div>\r\n                            <!-- COLUMNS 3 -->\r\n                            <div class=\"item\">\r\n                                <div class=\"ow-img wt-img-effect zoom-slow\">\r\n                                    <img decoding=\"async\" src=\"https:\/\/alumed.tn\/wp-content\/uploads\/2021\/11\/technique6-Brise.jpg\" alt=\"Pose de brise de soleil en Tunisie\">\r\n                                <\/div>\r\n                            <\/div>\r\n                            <!-- COLUMNS 4 -->\r\n                            <div class=\"item\">\r\n                                <div class=\"ow-img wt-img-effect zoom-slow\">\r\n                                    <img decoding=\"async\" src=\"https:\/\/alumed.tn\/wp-content\/uploads\/2021\/11\/technique7-Brise.jpg\" alt=\"Brise de soleil\">\r\n                                <\/div>\r\n                            <\/div>\r\n                            <!-- COLUMNS 4 -->\r\n                            <div class=\"item\">\r\n                                <div class=\"ow-img wt-img-effect zoom-slow\">\r\n                                    <img decoding=\"async\" src=\"https:\/\/alumed.tn\/wp-content\/uploads\/2021\/12\/brise-soleil1.jpg\" alt=\"Brise de soleil sur mesure\">\r\n                                <\/div>\r\n                            <\/div>\r\n                            <!-- COLUMNS 4 -->\r\n                            <div class=\"item\">\r\n                                <div class=\"ow-img wt-img-effect zoom-slow\">\r\n                                    <img decoding=\"async\" src=\"https:\/\/alumed.tn\/wp-content\/uploads\/2021\/12\/brise-soleil.jpg\" alt=\"Brise de soleil en aluminium\">\r\n                                <\/div>\r\n                            <\/div>\r\n                        <\/div>\r\n                    <\/div>\r\n                <\/div>\r\n                <div class=\"col-md-6 col-sm-6\">\r\n                    <div class=\"m-about-containt font-16 text-align text-black p-t40\">\r\n                        <p> Un brise-soleil ext\u00e9rieur <span class=\"font-weight-700\">\u0623\u0644\u064a\u0645\u0627\u062f<\/span> \u064a\u0636\u0645\u0646 \u0644\u0643 \u0627\u0644\u062d\u0641\u0627\u0638 \u0639\u0644\u0649 \u0627\u0644\u062a\u0648\u0627\u0632\u0646 \u0628\u064a\u0646 \u0627\u0644\u0633\u0637\u0648\u0639 \u0648\u0627\u0644\u062e\u0635\u0648\u0635\u064a\u0629 \u0648\u0627\u0644\u0631\u0624\u064a\u0629 \u0627\u0644\u062e\u0627\u0631\u062c\u064a\u0629 \u0648\u0627\u0644\u062d\u0645\u0627\u064a\u0629 \u0645\u0646 \u0623\u0634\u0639\u0629 \u0627\u0644\u0634\u0645\u0633. \u062a\u0638\u0644 \u062f\u0631\u062c\u0629 \u0627\u0644\u062d\u0631\u0627\u0631\u0629 \u0627\u0644\u062f\u0627\u062e\u0644\u064a\u0629 \u0645\u0631\u064a\u062d\u0629 \u062f\u0627\u0626\u0645\u064b\u0627\u060c \u062d\u062a\u0649 \u062e\u0644\u0627\u0644 \u0641\u0635\u0644 \u0627\u0644\u0635\u064a\u0641. <\/p>\r\n                        <p><span class=\"font-weight-700\">\u0623\u0644\u064a\u0645\u0627\u062f<\/span>\u062a\u0639\u0645\u0644 \u0639\u0644\u0649 \u062a\u0639\u0632\u064a\u0632 \u0647\u0630\u0647 \u0627\u0644\u0645\u0628\u0627\u062f\u0626 \u0648\u0627\u0644\u0628\u062d\u062b \u0639\u0646 \u062d\u0644\u0648\u0644 \u0645\u0628\u062a\u0643\u0631\u0629 \u064a\u062a\u0645 \u062a\u0639\u0632\u064a\u0632\u0647\u0627\u060c \u0645\u0646 \u0627\u0644\u0646\u0627\u062d\u064a\u062a\u064a\u0646 \u0627\u0644\u0648\u0638\u064a\u0641\u064a\u0629 \u0648\u0627\u0644\u062c\u0645\u0627\u0644\u064a\u0629\u060c \u0641\u064a \u062c\u0645\u064a\u0639 \u0627\u0644\u0645\u0628\u0627\u0646\u064a.\r\n\r\n                        <\/p>\r\n                        <a href=\"https:\/\/alumed.tn\/ar\/%d8%a7%d9%84%d8%a7%d8%aa%d8%b5%d8%a7%d9%84-%d8%a8%d9%86%d8%a7\/\" class=\"btn1\">\u0627\u0644\u0627\u062a\u0635\u0627\u0644 \u0628\u0646\u0627\r\n<\/a>\r\n                    <\/div>\r\n                <\/div>\r\n            <\/div>\r\n        <\/div>\r\n    <\/div>\r\n<\/div>\r\n<div class=\"section-full11 bg-col square_shape2\">\r\n    <div class=\"container\">\r\n        <div class=\"section-content\">\r\n            <div class=\"team-outer1\">\r\n                <div class=\"row\">\r\n                    <!-- COLUMNS 1 -->\r\n                    <div class=\"col-md-4 col-lg-offset-2 col-sm-4 col-xs-4 col-xs-100pc m-tb15\">\r\n                        <div class=\"wt-team-six1 bg-white\">\r\n                            <div class=\"wt-team-media wt-thum-bx wt-img-overlay1\">\r\n                                <img decoding=\"async\" src=\"https:\/\/alumed.tn\/wp-content\/uploads\/2021\/11\/Elliptique-et-Rectangulaire.jpg\" alt=\"Brises soleil rectangulaire et elliptique\">\r\n                                <div class=\"overlay-bx\">\r\n                                    <div class=\"overlay-icon\">\r\n                                        <ul class=\"social-icons social-square social-dark\">\r\n                                        <\/ul>\r\n                                    <\/div>\r\n                                <\/div>\r\n                            <\/div>\r\n                            <div class=\"wt-team-info text-center bg-white p-lr10 p-tb20\">\r\n                                <h5 class=\"wt-team-title text-uppercase m-a0\"><a href=\"javascript:void(0);\">Brises Soleil<\/a><\/h5>\r\n                                <p class=\"m-b0\">Rectangulaire et Elliptique<\/p>\r\n                                <!---->\r\n                            <\/div>\r\n                        <\/div>\r\n                    <\/div>\r\n                    <!-- COLUMNS 3 -->\r\n                    <div class=\"col-md-4 col-sm-4 col-xs-4 col-xs-100pc m-tb15\">\r\n                        <div class=\"wt-team-six1 bg-white\">\r\n                            <div class=\"wt-team-media wt-thum-bx wt-img-overlay1\">\r\n                                <img decoding=\"async\" src=\"https:\/\/alumed.tn\/wp-content\/uploads\/2021\/11\/Filante-en-Z.jpg\" alt=\"Brises soleil filante en Z\">\r\n                                <div class=\"overlay-bx\">\r\n                                    <div class=\"overlay-icon\">\r\n                                        <ul class=\"social-icons social-square social-dark\">\r\n                                        <\/ul>\r\n                                    <\/div>\r\n                                <\/div>\r\n                            <\/div>\r\n                            <div class=\"wt-team-info text-center bg-white p-lr10 p-tb20\">\r\n                                <h5 class=\"wt-team-title text-uppercase m-a0\"><a href=\"javascript:void(0);\"><\/a>Brise Soleil<\/h5>\r\n                                <p class=\"m-b0\">Filante en Z<\/p>\r\n                                <!---->\r\n                            <\/div>\r\n                        <\/div>\r\n                    <\/div>\r\n                <\/div>\r\n            <\/div>\r\n        <\/div>\r\n    <\/div>\r\n<\/div>\r\n<div class=\"section-full11 bg-white\">\r\n    <div class=\"container\">\r\n        <div class=\"row\">\r\n            <div class=\"col-md-9\">\r\n                <div class=\"bg-text\">\r\n                    <p> Experte en la mati\u00e8re, l\u2019\u00e9quipe <span class=\"font-weight-700\">\u0623\u0644\u064a\u0645\u0627\u062f<\/span> \u064a\u0645\u0643\u0646 \u0625\u0646\u0634\u0627\u0621 \u0645\u0638\u0644\u0627\u062a \u0634\u0645\u0633\u064a\u0629 \u0645\u0635\u0645\u0645\u0629 \u062e\u0635\u064a\u0635\u064b\u0627 \u062a\u062a\u0643\u064a\u0641 \u0645\u0639 \u062c\u0645\u064a\u0639 \u0623\u0646\u0645\u0627\u0637 \u0627\u0644\u0645\u0646\u0627\u0632\u0644\u060c \u0645\u0646 \u0627\u0644\u0623\u0643\u062b\u0631 \u0639\u0635\u0631\u064a\u0629 \u0625\u0644\u0649 \u0627\u0644\u0623\u0643\u062b\u0631 \u062a\u0642\u0644\u064a\u062f\u064a\u0629.<\/p>\r\n                <\/div>\r\n            <\/div>\r\n            <div class=\"col-md-3\">\r\n                <a href=\"https:\/\/alumed.tn\/ar\/%d8%a5%d9%86%d8%ac%d8%a7%d8%b2%d8%a7%d8%aa%d9%86%d8%a7\/\" class=\"btn-text\"><span class=\"font-13 letter-spacing-5\">\u0625\u0646\u062c\u0627\u0632\u0627\u062a\u0646\u0627 <\/span><\/a>\r\n            <\/div>\r\n        <\/div>\r\n    <\/div>\r\n<\/div>\r\n","protected":false},"excerpt":{"rendered":"<p>Un brise-soleil ext\u00e9rieur \u0623\u0644\u064a\u0645\u0627\u062f \u064a\u0636\u0645\u0646 \u0644\u0643 \u0627\u0644\u062d\u0641\u0627\u0638 \u0639\u0644\u0649 \u0627\u0644\u062a\u0648\u0627\u0632\u0646 \u0628\u064a\u0646 \u0627\u0644\u0633\u0637\u0648\u0639 \u0648\u0627\u0644\u062e\u0635\u0648\u0635\u064a\u0629 \u0648\u0627\u0644\u0631\u0624\u064a\u0629 \u0627\u0644\u062e\u0627\u0631\u062c\u064a\u0629 \u0648\u0627\u0644\u062d\u0645\u0627\u064a\u0629 \u0645\u0646 \u0623\u0634\u0639\u0629 \u0627\u0644\u0634\u0645\u0633. \u062a\u0638\u0644 \u062f\u0631\u062c\u0629 \u0627\u0644\u062d\u0631\u0627\u0631\u0629 \u0627\u0644\u062f\u0627\u062e\u0644\u064a\u0629 \u0645\u0631\u064a\u062d\u0629 \u062f\u0627\u0626\u0645\u064b\u0627\u060c \u062d\u062a\u0649 \u062e\u0644\u0627\u0644 \u0641\u0635\u0644 \u0627\u0644\u0635\u064a\u0641. \u0623\u0644\u064a\u0645\u0627\u062f\u062a\u0639\u0645\u0644 \u0639\u0644\u0649 \u062a\u0639\u0632\u064a\u0632 \u0647\u0630\u0647 \u0627\u0644\u0645\u0628\u0627\u062f\u0626 \u0648\u0627\u0644\u0628\u062d\u062b \u0639\u0646 \u062d\u0644\u0648\u0644 \u0645\u0628\u062a\u0643\u0631\u0629 \u064a\u062a\u0645 \u062a\u0639\u0632\u064a\u0632\u0647\u0627\u060c \u0645\u0646 \u0627\u0644\u0646\u0627\u062d\u064a\u062a\u064a\u0646 \u0627\u0644\u0648\u0638\u064a\u0641\u064a\u0629 \u0648\u0627\u0644\u062c\u0645\u0627\u0644\u064a\u0629\u060c \u0641\u064a \u062c\u0645\u064a\u0639 \u0627\u0644\u0645\u0628\u0627\u0646\u064a. \u0627\u0644\u0627\u062a\u0635\u0627\u0644 \u0628\u0646\u0627 Brises Soleil Rectangulaire et Elliptique Brise Soleil [&hellip;]<\/p>\n","protected":false},"author":1,"featured_media":2656,"parent":0,"menu_order":0,"comment_status":"closed","ping_status":"closed","template":"produit-template.php","meta":{"footnotes":""},"yoast_head":"<!-- This site is optimized with the Yoast SEO plugin v21.9.1 - https:\/\/yoast.com\/wordpress\/plugins\/seo\/ -->\n<title>Brise de soleil aluminium en Tunisie - Alumed<\/title>\n<meta name=\"description\" content=\"Pr\u00e9server l\u2019\u00e9quilibre entre la luminosit\u00e9 et l&#039;intimit\u00e9 en installant un brise de soleil aluminium chez les professionnels d&#039;Alumed.\" \/>\n<meta name=\"robots\" content=\"index, follow, max-snippet:-1, max-image-preview:large, max-video-preview:-1\" \/>\n<link rel=\"canonical\" href=\"https:\/\/alumed.tn\/ar\/\u0643\u0627\u0633\u0631\u0627\u062a-\u0627\u0644\u0634\u0645\u0633\/\" \/>\n<meta property=\"og:locale\" content=\"ar_AR\" \/>\n<meta property=\"og:type\" content=\"article\" \/>\n<meta property=\"og:title\" content=\"Brise de soleil aluminium en Tunisie - Alumed\" \/>\n<meta property=\"og:description\" content=\"Pr\u00e9server l\u2019\u00e9quilibre entre la luminosit\u00e9 et l&#039;intimit\u00e9 en installant un brise de soleil aluminium chez les professionnels d&#039;Alumed.\" \/>\n<meta property=\"og:url\" content=\"https:\/\/alumed.tn\/ar\/\u0643\u0627\u0633\u0631\u0627\u062a-\u0627\u0644\u0634\u0645\u0633\/\" \/>\n<meta property=\"og:site_name\" content=\"Alumed\" \/>\n<meta property=\"article:modified_time\" content=\"2024-02-06T14:33:12+00:00\" \/>\n<meta property=\"og:image\" content=\"https:\/\/alumed.tn\/wp-content\/uploads\/2022\/07\/8-1.jpg\" \/>\n\t<meta property=\"og:image:width\" content=\"1894\" \/>\n\t<meta property=\"og:image:height\" content=\"591\" \/>\n\t<meta property=\"og:image:type\" content=\"image\/jpeg\" \/>\n<meta name=\"twitter:card\" content=\"summary_large_image\" \/>\n<meta name=\"twitter:label1\" content=\"\u0648\u0642\u062a \u0627\u0644\u0642\u0631\u0627\u0621\u0629 \u0627\u0644\u0645\u064f\u0642\u062f\u0651\u0631\" \/>\n\t<meta name=\"twitter:data1\" content=\"3 \u062f\u0642\u0627\u0626\u0642\" \/>\n<script type=\"application\/ld+json\" class=\"yoast-schema-graph\">{\"@context\":\"https:\/\/schema.org\",\"@graph\":[{\"@type\":\"WebPage\",\"@id\":\"https:\/\/alumed.tn\/ar\/%d9%83%d8%a7%d8%b3%d8%b1%d8%a7%d8%aa-%d8%a7%d9%84%d8%b4%d9%85%d8%b3\/\",\"url\":\"https:\/\/alumed.tn\/ar\/%d9%83%d8%a7%d8%b3%d8%b1%d8%a7%d8%aa-%d8%a7%d9%84%d8%b4%d9%85%d8%b3\/\",\"name\":\"Brise de soleil aluminium en Tunisie - Alumed\",\"isPartOf\":{\"@id\":\"https:\/\/alumed.tn\/#website\"},\"datePublished\":\"2021-09-24T09:51:59+00:00\",\"dateModified\":\"2024-02-06T14:33:12+00:00\",\"description\":\"Pr\u00e9server l\u2019\u00e9quilibre entre la luminosit\u00e9 et l'intimit\u00e9 en installant un brise de soleil aluminium chez les professionnels d'Alumed.\",\"breadcrumb\":{\"@id\":\"https:\/\/alumed.tn\/ar\/%d9%83%d8%a7%d8%b3%d8%b1%d8%a7%d8%aa-%d8%a7%d9%84%d8%b4%d9%85%d8%b3\/#breadcrumb\"},\"inLanguage\":\"ar\",\"potentialAction\":[{\"@type\":\"ReadAction\",\"target\":[\"https:\/\/alumed.tn\/ar\/%d9%83%d8%a7%d8%b3%d8%b1%d8%a7%d8%aa-%d8%a7%d9%84%d8%b4%d9%85%d8%b3\/\"]}]},{\"@type\":\"BreadcrumbList\",\"@id\":\"https:\/\/alumed.tn\/ar\/%d9%83%d8%a7%d8%b3%d8%b1%d8%a7%d8%aa-%d8%a7%d9%84%d8%b4%d9%85%d8%b3\/#breadcrumb\",\"itemListElement\":[{\"@type\":\"ListItem\",\"position\":1,\"name\":\"Accueil\",\"item\":\"https:\/\/alumed.tn\/\"},{\"@type\":\"ListItem\",\"position\":2,\"name\":\"\u0643\u0627\u0633\u0631\u0627\u062a \u0627\u0644\u0634\u0645\u0633\"}]},{\"@type\":\"WebSite\",\"@id\":\"https:\/\/alumed.tn\/#website\",\"url\":\"https:\/\/alumed.tn\/\",\"name\":\"Alumed\",\"description\":\"Fabrication et pose d&#039;aluminium en Tunisie\",\"potentialAction\":[{\"@type\":\"SearchAction\",\"target\":{\"@type\":\"EntryPoint\",\"urlTemplate\":\"https:\/\/alumed.tn\/?s={search_term_string}\"},\"query-input\":\"required name=search_term_string\"}],\"inLanguage\":\"ar\"}]}<\/script>\n<!-- \/ Yoast SEO plugin. -->","yoast_head_json":{"title":"Brise de soleil aluminium en Tunisie - Alumed","description":"Pr\u00e9server l\u2019\u00e9quilibre entre la luminosit\u00e9 et l'intimit\u00e9 en installant un brise de soleil aluminium chez les professionnels d'Alumed.","robots":{"index":"index","follow":"follow","max-snippet":"max-snippet:-1","max-image-preview":"max-image-preview:large","max-video-preview":"max-video-preview:-1"},"canonical":"https:\/\/alumed.tn\/ar\/\u0643\u0627\u0633\u0631\u0627\u062a-\u0627\u0644\u0634\u0645\u0633\/","og_locale":"ar_AR","og_type":"article","og_title":"Brise de soleil aluminium en Tunisie - Alumed","og_description":"Pr\u00e9server l\u2019\u00e9quilibre entre la luminosit\u00e9 et l'intimit\u00e9 en installant un brise de soleil aluminium chez les professionnels d'Alumed.","og_url":"https:\/\/alumed.tn\/ar\/\u0643\u0627\u0633\u0631\u0627\u062a-\u0627\u0644\u0634\u0645\u0633\/","og_site_name":"Alumed","article_modified_time":"2024-02-06T14:33:12+00:00","og_image":[{"width":1894,"height":591,"url":"https:\/\/alumed.tn\/wp-content\/uploads\/2022\/07\/8-1.jpg","type":"image\/jpeg"}],"twitter_card":"summary_large_image","twitter_misc":{"\u0648\u0642\u062a \u0627\u0644\u0642\u0631\u0627\u0621\u0629 \u0627\u0644\u0645\u064f\u0642\u062f\u0651\u0631":"3 \u062f\u0642\u0627\u0626\u0642"},"schema":{"@context":"https:\/\/schema.org","@graph":[{"@type":"WebPage","@id":"https:\/\/alumed.tn\/ar\/%d9%83%d8%a7%d8%b3%d8%b1%d8%a7%d8%aa-%d8%a7%d9%84%d8%b4%d9%85%d8%b3\/","url":"https:\/\/alumed.tn\/ar\/%d9%83%d8%a7%d8%b3%d8%b1%d8%a7%d8%aa-%d8%a7%d9%84%d8%b4%d9%85%d8%b3\/","name":"Brise de soleil aluminium en Tunisie - Alumed","isPartOf":{"@id":"https:\/\/alumed.tn\/#website"},"datePublished":"2021-09-24T09:51:59+00:00","dateModified":"2024-02-06T14:33:12+00:00","description":"Pr\u00e9server l\u2019\u00e9quilibre entre la luminosit\u00e9 et l'intimit\u00e9 en installant un brise de soleil aluminium chez les professionnels d'Alumed.","breadcrumb":{"@id":"https:\/\/alumed.tn\/ar\/%d9%83%d8%a7%d8%b3%d8%b1%d8%a7%d8%aa-%d8%a7%d9%84%d8%b4%d9%85%d8%b3\/#breadcrumb"},"inLanguage":"ar","potentialAction":[{"@type":"ReadAction","target":["https:\/\/alumed.tn\/ar\/%d9%83%d8%a7%d8%b3%d8%b1%d8%a7%d8%aa-%d8%a7%d9%84%d8%b4%d9%85%d8%b3\/"]}]},{"@type":"BreadcrumbList","@id":"https:\/\/alumed.tn\/ar\/%d9%83%d8%a7%d8%b3%d8%b1%d8%a7%d8%aa-%d8%a7%d9%84%d8%b4%d9%85%d8%b3\/#breadcrumb","itemListElement":[{"@type":"ListItem","position":1,"name":"Accueil","item":"https:\/\/alumed.tn\/"},{"@type":"ListItem","position":2,"name":"\u0643\u0627\u0633\u0631\u0627\u062a \u0627\u0644\u0634\u0645\u0633"}]},{"@type":"WebSite","@id":"https:\/\/alumed.tn\/#website","url":"https:\/\/alumed.tn\/","name":"Alumed","description":"Fabrication et pose d&#039;aluminium en Tunisie","potentialAction":[{"@type":"SearchAction","target":{"@type":"EntryPoint","urlTemplate":"https:\/\/alumed.tn\/?s={search_term_string}"},"query-input":"required name=search_term_string"}],"inLanguage":"ar"}]}},"_links":{"self":[{"href":"https:\/\/alumed.tn\/ar\/wp-json\/wp\/v2\/pages\/871"}],"collection":[{"href":"https:\/\/alumed.tn\/ar\/wp-json\/wp\/v2\/pages"}],"about":[{"href":"https:\/\/alumed.tn\/ar\/wp-json\/wp\/v2\/types\/page"}],"author":[{"embeddable":true,"href":"https:\/\/alumed.tn\/ar\/wp-json\/wp\/v2\/users\/1"}],"replies":[{"embeddable":true,"href":"https:\/\/alumed.tn\/ar\/wp-json\/wp\/v2\/comments?post=871"}],"version-history":[{"count":8,"href":"https:\/\/alumed.tn\/ar\/wp-json\/wp\/v2\/pages\/871\/revisions"}],"predecessor-version":[{"id":2834,"href":"https:\/\/alumed.tn\/ar\/wp-json\/wp\/v2\/pages\/871\/revisions\/2834"}],"wp:featuredmedia":[{"embeddable":true,"href":"https:\/\/alumed.tn\/ar\/wp-json\/wp\/v2\/media\/2656"}],"wp:attachment":[{"href":"https:\/\/alumed.tn\/ar\/wp-json\/wp\/v2\/media?parent=871"}],"curies":[{"name":"wp","href":"https:\/\/api.w.org\/{rel}","templated":true}]}}